{"id":274,"date":"2025-02-01T13:49:05","date_gmt":"2025-02-01T13:49:05","guid":{"rendered":"https:\/\/www.selkopalvelut.fi\/?page_id=274"},"modified":"2025-08-31T13:30:30","modified_gmt":"2025-08-31T13:30:30","slug":"meista","status":"publish","type":"page","link":"https:\/\/www.selkopalvelut.fi\/index.php\/meista\/","title":{"rendered":"Meist\u00e4"},"content":{"rendered":"\n<div class=\"wp-block-cover alignfull is-light hero-pattern\" style=\"min-height:34px;aspect-ratio:unset;\"><span aria-hidden=\"true\" class=\"wp-block-cover__background has-background-dim-100 has-background-dim\" style=\"background-color:#f5f7fa\"><\/span><div class=\"wp-block-cover__inner-container is-layout-flow wp-block-cover-is-layout-flow\">\n<div class=\"wp-block-group is-layout-constrained wp-container-core-group-is-layout-7db9d80f wp-block-group-is-layout-constrained\" style=\"padding-right:0;padding-left:0\">\n<div class=\"wp-block-columns alignwide p-animation-text-moveUp is-layout-flex wp-container-core-columns-is-layout-2ed187a6 wp-block-columns-is-layout-flex\" style=\"padding-right:0;padding-left:0\">\n<div class=\"wp-block-column is-vertically-aligned-center is-layout-flow wp-container-core-column-is-layout-a77db08e wp-block-column-is-layout-flow\">\n<p class=\"has-text-align-center has-text-primary-color has-text-color\" style=\"margin-right:0;margin-left:0\">Olemme vuonna 2024 perustettu perheyritys, jossa yhdistyy ainutlaatuisella tavalla monen alan ammattilaisten osaaminen. Tuotamme laadukkaat selkoratkaisut tarpeeseen kuin tarpeeseen unohtamatta asiakkaiden aitoa kohtaamista. Meille on t\u00e4rke\u00e4\u00e4 nopea ja yst\u00e4v\u00e4llinen asiakaspalvelu. Kysy lis\u00e4\u00e4 referensseist\u00e4!<\/p>\n\n\n\n<p><\/p>\n\n\n\n<div style=\"height:16px\" aria-hidden=\"true\" class=\"wp-block-spacer\"><\/div>\n\n\n\n<figure class=\"wp-block-image aligncenter size-large is-resized is-style-rounded\" style=\"margin-top:var(--wp--preset--spacing--small);margin-right:var(--wp--preset--spacing--small);margin-bottom:var(--wp--preset--spacing--small);margin-left:var(--wp--preset--spacing--small)\"><img loading=\"lazy\" decoding=\"async\" width=\"1024\" height=\"686\" src=\"https:\/\/www.selkopalvelut.fi\/wp-content\/uploads\/2025\/08\/perheyritys-1024x686.jpg\" alt=\"\" class=\"wp-image-542\" style=\"aspect-ratio:4\/3;object-fit:cover;width:652px;height:auto\" srcset=\"https:\/\/www.selkopalvelut.fi\/wp-content\/uploads\/2025\/08\/perheyritys-1024x686.jpg 1024w, https:\/\/www.selkopalvelut.fi\/wp-content\/uploads\/2025\/08\/perheyritys-300x201.jpg 300w, https:\/\/www.selkopalvelut.fi\/wp-content\/uploads\/2025\/08\/perheyritys-768x515.jpg 768w, https:\/\/www.selkopalvelut.fi\/wp-content\/uploads\/2025\/08\/perheyritys.jpg 1280w\" sizes=\"auto, (max-width: 1024px) 100vw, 1024px\" \/><\/figure>\n<\/div>\n<\/div>\n<\/div>\n<\/div><\/div>\n\n\n\n<div class=\"wp-block-group pattern-features p-animation-move-sideways is-layout-constrained wp-container-core-group-is-layout-5986cb94 wp-block-group-is-layout-constrained\" style=\"margin-top:0;margin-bottom:var(--wp--preset--spacing--xx-large);padding-top:0;padding-right:0;padding-bottom:0;padding-left:0\">\n<h2 class=\"wp-block-heading has-text-align-center has-luminous-vivid-amber-background-color has-background\">Yrityksemme palveluja k\u00e4ytt\u00e4ess\u00e4nne lupaamme teille<\/h2>\n\n\n\n<div class=\"wp-block-columns is-layout-flex wp-container-core-columns-is-layout-b859d818 wp-block-columns-is-layout-flex\" style=\"border-style:none;border-width:0px;margin-top:0;margin-bottom:0;padding-top:var(--wp--preset--spacing--small);padding-right:var(--wp--preset--spacing--small);padding-bottom:var(--wp--preset--spacing--small);padding-left:var(--wp--preset--spacing--small)\">\n<div class=\"wp-block-column is-vertically-aligned-center is-layout-flow wp-container-core-column-is-layout-6003b25b wp-block-column-is-layout-flow\" style=\"padding-top:var(--wp--preset--spacing--large);padding-right:var(--wp--preset--spacing--small);padding-bottom:var(--wp--preset--spacing--large);padding-left:var(--wp--preset--spacing--small)\">\n<h5 class=\"wp-block-heading has-text-align-center\" style=\"padding-top:var(--wp--preset--spacing--xx-small);letter-spacing:-0.04em;line-height:1.1\">Monialaiset asiantuntijapalvelut<\/h5>\n<\/div>\n\n\n\n<div class=\"wp-block-column is-vertically-aligned-center has-grey-background-color has-gray-background-color has-background is-layout-flow wp-container-core-column-is-layout-2adbad8c wp-block-column-is-layout-flow\" style=\"padding-top:var(--wp--preset--spacing--large);padding-right:var(--wp--preset--spacing--small);padding-bottom:var(--wp--preset--spacing--large);padding-left:var(--wp--preset--spacing--small)\">\n<h5 class=\"wp-block-heading has-text-align-center\" style=\"padding-top:var(--wp--preset--spacing--xx-small);letter-spacing:-0.03em;line-height:1.1\">Toimivan yhteydenpidon Selkopalveluiden ja tilaajan v\u00e4lill\u00e4<\/h5>\n<\/div>\n\n\n\n<div class=\"wp-block-column is-vertically-aligned-center is-layout-flow wp-container-core-column-is-layout-2adbad8c wp-block-column-is-layout-flow\" style=\"border-style:none;border-width:0px;padding-top:var(--wp--preset--spacing--large);padding-right:var(--wp--preset--spacing--small);padding-bottom:var(--wp--preset--spacing--large);padding-left:var(--wp--preset--spacing--small)\">\n<h5 class=\"wp-block-heading has-text-align-center\" style=\"padding-top:var(--wp--preset--spacing--xx-small);letter-spacing:-0.03em;line-height:1.1\">Ammattilaisen kielihuoltamaa teksti\u00e4<\/h5>\n<\/div>\n\n\n\n<div class=\"wp-block-column is-vertically-aligned-center has-grey-background-color has-gray-background-color has-background is-layout-flow wp-container-core-column-is-layout-6003b25b wp-block-column-is-layout-flow\" style=\"padding-top:var(--wp--preset--spacing--large);padding-right:var(--wp--preset--spacing--small);padding-bottom:var(--wp--preset--spacing--large);padding-left:var(--wp--preset--spacing--small)\">\n<h5 class=\"wp-block-heading has-text-align-center\" style=\"padding-top:var(--wp--preset--spacing--xx-small);letter-spacing:-0.03em;line-height:1.1\">Toimia edist\u00e4en sosiaalisesti kest\u00e4v\u00e4\u00e4 kehityst\u00e4 ja toimia ymp\u00e4rist\u00f6vastuullisesti<\/h5>\n<\/div>\n<\/div>\n<\/div>\n\n\n\n<div class=\"wp-block-group alignfull has-contrast-color has-text-color is-vertical is-content-justification-center is-layout-flex wp-container-core-group-is-layout-f306f087 wp-block-group-is-layout-flex\" style=\"min-height:40vh;margin-top:0;margin-bottom:0;padding-top:var(--wp--preset--spacing--60);padding-right:var(--wp--preset--spacing--50);padding-bottom:var(--wp--preset--spacing--60);padding-left:var(--wp--preset--spacing--50)\"><div style=\"margin-bottom:6px;\" class=\"aligncenter wp-block-site-logo\"><a href=\"https:\/\/www.selkopalvelut.fi\/\" class=\"custom-logo-link light-mode-logo\" rel=\"home\"><img loading=\"lazy\" decoding=\"async\" width=\"300\" height=\"61\" src=\"https:\/\/www.selkopalvelut.fi\/wp-content\/uploads\/2025\/01\/Selkopalvelut-logo-001.png\" class=\"custom-logo\" alt=\"Selkopalvelut\" srcset=\"https:\/\/www.selkopalvelut.fi\/wp-content\/uploads\/2025\/01\/Selkopalvelut-logo-001.png 1031w, https:\/\/www.selkopalvelut.fi\/wp-content\/uploads\/2025\/01\/Selkopalvelut-logo-001-300x61.png 300w, https:\/\/www.selkopalvelut.fi\/wp-content\/uploads\/2025\/01\/Selkopalvelut-logo-001-1024x210.png 1024w, https:\/\/www.selkopalvelut.fi\/wp-content\/uploads\/2025\/01\/Selkopalvelut-logo-001-768x157.png 768w\" sizes=\"auto, (max-width: 300px) 100vw, 300px\" \/><\/a><\/div>\n\n\n<p class=\"has-text-align-center has-medium-font-size\">info@selkopalvelut.fi<\/p>\n\n\n\n<p class=\"has-text-align-center\"><a href=\"https:\/\/www.selkopalvelut.fi\/index.php\/privacy-policy\/\" data-type=\"link\" data-id=\"https:\/\/www.selkopalvelut.fi\/index.php\/privacy-policy\/\" target=\"_blank\" rel=\"noreferrer noopener\">Tietosuojaseloste<\/a><\/p>\n\n\n\n<p>\u00a9 2026 Selkopalvelut Oy Suomi<\/p>\n<\/div>\n","protected":false},"excerpt":{"rendered":"<p>Yrityksemme palveluja k\u00e4ytt\u00e4ess\u00e4nne lupaamme teille Monialaiset asiantuntijapalvelut Toimivan yhteydenpidon Selkopalveluiden ja tilaajan v\u00e4lill\u00e4 Ammattilaisen kielihuoltamaa&hellip;<\/p>\n","protected":false},"author":1,"featured_media":0,"parent":0,"menu_order":0,"comment_status":"closed","ping_status":"closed","template":"","meta":{"om_disable_all_campaigns":false,"_monsterinsights_skip_tracking":false,"_monsterinsights_sitenote_active":false,"_monsterinsights_sitenote_note":"","_monsterinsights_sitenote_category":0,"footnotes":""},"class_list":["post-274","page","type-page","status-publish","hentry"],"aioseo_notices":[],"yoast_head":"<!-- This site is optimized with the Yoast SEO plugin v27.4 - https:\/\/yoast.com\/product\/yoast-seo-wordpress\/ -->\n<title>Meist\u00e4 - Selkopalvelut<\/title>\n<meta name=\"description\" content=\"Meist\u00e4 Selkopalvelut -\" \/>\n<meta name=\"robots\" content=\"index, follow, max-snippet:-1, max-image-preview:large, max-video-preview:-1\" \/>\n<link rel=\"canonical\" href=\"https:\/\/www.selkopalvelut.fi\/index.php\/meista\/\" \/>\n<meta property=\"og:locale\" content=\"fi_FI\" \/>\n<meta property=\"og:type\" content=\"article\" \/>\n<meta property=\"og:title\" content=\"Meist\u00e4 - Selkopalvelut\" \/>\n<meta property=\"og:description\" content=\"Meist\u00e4 Selkopalvelut -\" \/>\n<meta property=\"og:url\" content=\"https:\/\/www.selkopalvelut.fi\/index.php\/meista\/\" \/>\n<meta property=\"og:site_name\" content=\"Selkopalvelut\" \/>\n<meta property=\"article:modified_time\" content=\"2025-08-31T13:30:30+00:00\" \/>\n<meta property=\"og:image\" content=\"https:\/\/www.selkopalvelut.fi\/wp-content\/uploads\/2025\/08\/perheyritys.jpg\" \/>\n\t<meta property=\"og:image:width\" content=\"1280\" \/>\n\t<meta property=\"og:image:height\" content=\"858\" \/>\n\t<meta property=\"og:image:type\" content=\"image\/jpeg\" \/>\n<meta name=\"twitter:card\" content=\"summary_large_image\" \/>\n<meta name=\"twitter:label1\" content=\"Arvioitu lukuaika\" \/>\n\t<meta name=\"twitter:data1\" content=\"1 minuutti\" \/>\n<script type=\"application\/ld+json\" class=\"yoast-schema-graph\">{\"@context\":\"https:\\\/\\\/schema.org\",\"@graph\":[{\"@type\":\"WebPage\",\"@id\":\"https:\\\/\\\/www.selkopalvelut.fi\\\/index.php\\\/meista\\\/\",\"url\":\"https:\\\/\\\/www.selkopalvelut.fi\\\/index.php\\\/meista\\\/\",\"name\":\"Meist\u00e4 - Selkopalvelut\",\"isPartOf\":{\"@id\":\"https:\\\/\\\/www.selkopalvelut.fi\\\/#website\"},\"primaryImageOfPage\":{\"@id\":\"https:\\\/\\\/www.selkopalvelut.fi\\\/index.php\\\/meista\\\/#primaryimage\"},\"image\":{\"@id\":\"https:\\\/\\\/www.selkopalvelut.fi\\\/index.php\\\/meista\\\/#primaryimage\"},\"thumbnailUrl\":\"https:\\\/\\\/www.selkopalvelut.fi\\\/wp-content\\\/uploads\\\/2025\\\/08\\\/perheyritys-1024x686.jpg\",\"datePublished\":\"2025-02-01T13:49:05+00:00\",\"dateModified\":\"2025-08-31T13:30:30+00:00\",\"description\":\"Meist\u00e4 Selkopalvelut -\",\"breadcrumb\":{\"@id\":\"https:\\\/\\\/www.selkopalvelut.fi\\\/index.php\\\/meista\\\/#breadcrumb\"},\"inLanguage\":\"fi\",\"potentialAction\":[{\"@type\":\"ReadAction\",\"target\":[\"https:\\\/\\\/www.selkopalvelut.fi\\\/index.php\\\/meista\\\/\"]}]},{\"@type\":\"ImageObject\",\"inLanguage\":\"fi\",\"@id\":\"https:\\\/\\\/www.selkopalvelut.fi\\\/index.php\\\/meista\\\/#primaryimage\",\"url\":\"https:\\\/\\\/www.selkopalvelut.fi\\\/wp-content\\\/uploads\\\/2025\\\/08\\\/perheyritys.jpg\",\"contentUrl\":\"https:\\\/\\\/www.selkopalvelut.fi\\\/wp-content\\\/uploads\\\/2025\\\/08\\\/perheyritys.jpg\",\"width\":1280,\"height\":858},{\"@type\":\"BreadcrumbList\",\"@id\":\"https:\\\/\\\/www.selkopalvelut.fi\\\/index.php\\\/meista\\\/#breadcrumb\",\"itemListElement\":[{\"@type\":\"ListItem\",\"position\":1,\"name\":\"Etusivu\",\"item\":\"https:\\\/\\\/www.selkopalvelut.fi\\\/\"},{\"@type\":\"ListItem\",\"position\":2,\"name\":\"Meist\u00e4\"}]},{\"@type\":\"WebSite\",\"@id\":\"https:\\\/\\\/www.selkopalvelut.fi\\\/#website\",\"url\":\"https:\\\/\\\/www.selkopalvelut.fi\\\/\",\"name\":\"Selkopalvelut\",\"description\":\"Selkopalvelut Oy Suomi , Selko, selkok&auml;&auml;nn&ouml;s, selkomateriaali, selkokieliset materiaalit, selkokielinen kuvitettu materiaali, selkoteksti, selkokuva, selkosivut, selkokieli, selkoratkaisu, selkokirjallisuus, selkojulkaisu, tekstipalvelut, selkokieliset, selkosuomeksi, selkosuomi, selkotekstit, selkoteksti, selkokieliset sivut, selkokieliset verkkosivut, selkokieliset ohjeet, selkokieliset verkkokirjat, selkopalvelut, selkopalvelut Oy Suomi, selkopalvelut Oy, selkopalvelu, selkopalvelut suomi, selko teksti\",\"publisher\":{\"@id\":\"https:\\\/\\\/www.selkopalvelut.fi\\\/#organization\"},\"alternateName\":\"Selkopalvelut Oy Suomi\",\"potentialAction\":[{\"@type\":\"SearchAction\",\"target\":{\"@type\":\"EntryPoint\",\"urlTemplate\":\"https:\\\/\\\/www.selkopalvelut.fi\\\/?s={search_term_string}\"},\"query-input\":{\"@type\":\"PropertyValueSpecification\",\"valueRequired\":true,\"valueName\":\"search_term_string\"}}],\"inLanguage\":\"fi\"},{\"@type\":\"Organization\",\"@id\":\"https:\\\/\\\/www.selkopalvelut.fi\\\/#organization\",\"name\":\"Selkopalvelut Oy Suomi\",\"alternateName\":\"Selkopalvelut\",\"url\":\"https:\\\/\\\/www.selkopalvelut.fi\\\/\",\"logo\":{\"@type\":\"ImageObject\",\"inLanguage\":\"fi\",\"@id\":\"https:\\\/\\\/www.selkopalvelut.fi\\\/#\\\/schema\\\/logo\\\/image\\\/\",\"url\":\"https:\\\/\\\/www.selkopalvelut.fi\\\/wp-content\\\/uploads\\\/2025\\\/01\\\/Selkopalvelut-logo-001.png\",\"contentUrl\":\"https:\\\/\\\/www.selkopalvelut.fi\\\/wp-content\\\/uploads\\\/2025\\\/01\\\/Selkopalvelut-logo-001.png\",\"width\":1031,\"height\":211,\"caption\":\"Selkopalvelut Oy Suomi\"},\"image\":{\"@id\":\"https:\\\/\\\/www.selkopalvelut.fi\\\/#\\\/schema\\\/logo\\\/image\\\/\"}}]}<\/script>\n<!-- \/ Yoast SEO plugin. -->","yoast_head_json":{"title":"Meist\u00e4 - Selkopalvelut","description":"Meist\u00e4 Selkopalvelut -","robots":{"index":"index","follow":"follow","max-snippet":"max-snippet:-1","max-image-preview":"max-image-preview:large","max-video-preview":"max-video-preview:-1"},"canonical":"https:\/\/www.selkopalvelut.fi\/index.php\/meista\/","og_locale":"fi_FI","og_type":"article","og_title":"Meist\u00e4 - Selkopalvelut","og_description":"Meist\u00e4 Selkopalvelut -","og_url":"https:\/\/www.selkopalvelut.fi\/index.php\/meista\/","og_site_name":"Selkopalvelut","article_modified_time":"2025-08-31T13:30:30+00:00","og_image":[{"width":1280,"height":858,"url":"https:\/\/www.selkopalvelut.fi\/wp-content\/uploads\/2025\/08\/perheyritys.jpg","type":"image\/jpeg"}],"twitter_card":"summary_large_image","twitter_misc":{"Arvioitu lukuaika":"1 minuutti"},"schema":{"@context":"https:\/\/schema.org","@graph":[{"@type":"WebPage","@id":"https:\/\/www.selkopalvelut.fi\/index.php\/meista\/","url":"https:\/\/www.selkopalvelut.fi\/index.php\/meista\/","name":"Meist\u00e4 - Selkopalvelut","isPartOf":{"@id":"https:\/\/www.selkopalvelut.fi\/#website"},"primaryImageOfPage":{"@id":"https:\/\/www.selkopalvelut.fi\/index.php\/meista\/#primaryimage"},"image":{"@id":"https:\/\/www.selkopalvelut.fi\/index.php\/meista\/#primaryimage"},"thumbnailUrl":"https:\/\/www.selkopalvelut.fi\/wp-content\/uploads\/2025\/08\/perheyritys-1024x686.jpg","datePublished":"2025-02-01T13:49:05+00:00","dateModified":"2025-08-31T13:30:30+00:00","description":"Meist\u00e4 Selkopalvelut -","breadcrumb":{"@id":"https:\/\/www.selkopalvelut.fi\/index.php\/meista\/#breadcrumb"},"inLanguage":"fi","potentialAction":[{"@type":"ReadAction","target":["https:\/\/www.selkopalvelut.fi\/index.php\/meista\/"]}]},{"@type":"ImageObject","inLanguage":"fi","@id":"https:\/\/www.selkopalvelut.fi\/index.php\/meista\/#primaryimage","url":"https:\/\/www.selkopalvelut.fi\/wp-content\/uploads\/2025\/08\/perheyritys.jpg","contentUrl":"https:\/\/www.selkopalvelut.fi\/wp-content\/uploads\/2025\/08\/perheyritys.jpg","width":1280,"height":858},{"@type":"BreadcrumbList","@id":"https:\/\/www.selkopalvelut.fi\/index.php\/meista\/#breadcrumb","itemListElement":[{"@type":"ListItem","position":1,"name":"Etusivu","item":"https:\/\/www.selkopalvelut.fi\/"},{"@type":"ListItem","position":2,"name":"Meist\u00e4"}]},{"@type":"WebSite","@id":"https:\/\/www.selkopalvelut.fi\/#website","url":"https:\/\/www.selkopalvelut.fi\/","name":"Selkopalvelut","description":"Selkopalvelut Oy Suomi , Selko, selkok&auml;&auml;nn&ouml;s, selkomateriaali, selkokieliset materiaalit, selkokielinen kuvitettu materiaali, selkoteksti, selkokuva, selkosivut, selkokieli, selkoratkaisu, selkokirjallisuus, selkojulkaisu, tekstipalvelut, selkokieliset, selkosuomeksi, selkosuomi, selkotekstit, selkoteksti, selkokieliset sivut, selkokieliset verkkosivut, selkokieliset ohjeet, selkokieliset verkkokirjat, selkopalvelut, selkopalvelut Oy Suomi, selkopalvelut Oy, selkopalvelu, selkopalvelut suomi, selko teksti","publisher":{"@id":"https:\/\/www.selkopalvelut.fi\/#organization"},"alternateName":"Selkopalvelut Oy Suomi","potentialAction":[{"@type":"SearchAction","target":{"@type":"EntryPoint","urlTemplate":"https:\/\/www.selkopalvelut.fi\/?s={search_term_string}"},"query-input":{"@type":"PropertyValueSpecification","valueRequired":true,"valueName":"search_term_string"}}],"inLanguage":"fi"},{"@type":"Organization","@id":"https:\/\/www.selkopalvelut.fi\/#organization","name":"Selkopalvelut Oy Suomi","alternateName":"Selkopalvelut","url":"https:\/\/www.selkopalvelut.fi\/","logo":{"@type":"ImageObject","inLanguage":"fi","@id":"https:\/\/www.selkopalvelut.fi\/#\/schema\/logo\/image\/","url":"https:\/\/www.selkopalvelut.fi\/wp-content\/uploads\/2025\/01\/Selkopalvelut-logo-001.png","contentUrl":"https:\/\/www.selkopalvelut.fi\/wp-content\/uploads\/2025\/01\/Selkopalvelut-logo-001.png","width":1031,"height":211,"caption":"Selkopalvelut Oy Suomi"},"image":{"@id":"https:\/\/www.selkopalvelut.fi\/#\/schema\/logo\/image\/"}}]}},"_links":{"self":[{"href":"https:\/\/www.selkopalvelut.fi\/index.php\/wp-json\/wp\/v2\/pages\/274","targetHints":{"allow":["GET"]}}],"collection":[{"href":"https:\/\/www.selkopalvelut.fi\/index.php\/wp-json\/wp\/v2\/pages"}],"about":[{"href":"https:\/\/www.selkopalvelut.fi\/index.php\/wp-json\/wp\/v2\/types\/page"}],"author":[{"embeddable":true,"href":"https:\/\/www.selkopalvelut.fi\/index.php\/wp-json\/wp\/v2\/users\/1"}],"replies":[{"embeddable":true,"href":"https:\/\/www.selkopalvelut.fi\/index.php\/wp-json\/wp\/v2\/comments?post=274"}],"version-history":[{"count":33,"href":"https:\/\/www.selkopalvelut.fi\/index.php\/wp-json\/wp\/v2\/pages\/274\/revisions"}],"predecessor-version":[{"id":729,"href":"https:\/\/www.selkopalvelut.fi\/index.php\/wp-json\/wp\/v2\/pages\/274\/revisions\/729"}],"wp:attachment":[{"href":"https:\/\/www.selkopalvelut.fi\/index.php\/wp-json\/wp\/v2\/media?parent=274"}],"curies":[{"name":"wp","href":"https:\/\/api.w.org\/{rel}","templated":true}]}}