{"id":3,"date":"2025-01-11T22:42:02","date_gmt":"2025-01-11T22:42:02","guid":{"rendered":"https:\/\/www.selkopalvelut.fi\/?page_id=3"},"modified":"2026-02-25T20:49:27","modified_gmt":"2026-02-25T20:49:27","slug":"privacy-policy","status":"publish","type":"page","link":"https:\/\/www.selkopalvelut.fi\/index.php\/privacy-policy\/","title":{"rendered":"Rekisteri- ja tietosuojaseloste"},"content":{"rendered":"\n<p>T\u00e4m\u00e4 on\u00a0Yrityksen\u00a0EU:n yleisen tietosuoja-asetuksen (GDPR) mukainen rekisteri- ja tietosuojaseloste. Laadittu\u00a017.1.2025. Viimeisin muutos\u00a025.2.2026.<\/p>\n\n\n\n<h2 class=\"wp-block-heading\">1. Rekisterinpit\u00e4j\u00e4<\/h2>\n\n\n\n<p>Selkopalvelut Oy, M\u00e4ntym\u00e4entie 19 b, Kauniainen<\/p>\n\n\n\n<p>Y-tunnus: 02703498410-80<\/p>\n\n\n\n<p>info@selkopalvelut.fi<\/p>\n\n\n\n<p>+358 45 787 13370<\/p>\n\n\n\n<h2 class=\"wp-block-heading\">2. Rekisterist\u00e4 vastaava yhteyshenkil\u00f6<\/h2>\n\n\n\n<p>Emmi Siltakorpi, emmi.siltakorpi@selkopalvelut.fi, +358 45 787 13370<\/p>\n\n\n\n<h2 class=\"wp-block-heading\">3. Oikeusperuste ja henkil\u00f6tietojen k\u00e4sittelyn tarkoitus<\/h2>\n\n\n\n<p>Henkil\u00f6tietojen k\u00e4sittelyn tarkoitus on&nbsp;yhteydenpito asiakkaisiin, asiakassuhteen yll\u00e4pito ja mahdollisesti kohdennettu markkinointi.<\/p>\n\n\n\n<p>Tietoja ei k\u00e4ytet\u00e4 automatisoituun p\u00e4\u00e4t\u00f6ksentekoon tai profilointiin.<\/p>\n\n\n\n<p>Henkil\u00f6tietojen k\u00e4sittelyn oikeudellisena perusteena ovat EU:n tietosuoja-asetuksen 6 artiklan alakohdat:<\/p>\n\n\n\n<p>1. Rekister\u00f6ity on antanut suostumuksensa henkil\u00f6tietojensa k\u00e4sittelyyn yht\u00e4 tai useampaa erityist\u00e4 tarkoitusta varten<\/p>\n\n\n\n<ol class=\"wp-block-list\">\n<li><\/li>\n<\/ol>\n\n\n\n<p>2. K\u00e4sittely on tarpeen sellaisen sopimuksen t\u00e4yt\u00e4nt\u00f6\u00f6n panemiseksi, jossa rekister\u00f6ity on osapuolena, tai sopimuksen tekemist\u00e4 edelt\u00e4vien toimenpiteiden toteuttamiseksi rekister\u00f6idyn pyynn\u00f6st\u00e4;<\/p>\n\n\n\n<p>3. K\u00e4sittely on tarpeen rekisterinpit\u00e4j\u00e4n lakis\u00e4\u00e4teisen velvoitteen noudattamiseksi<\/p>\n\n\n\n<p>4.  K\u00e4sittely on tarpeen rekister\u00f6idyn tai toisen luonnollisen henkil\u00f6n elint\u00e4rkeiden etujen suojaamiseksi<\/p>\n\n\n\n<p>5. K\u00e4sittely on tarpeen yleist\u00e4 etua koskevan teht\u00e4v\u00e4n suorittamiseksi tai rekisterinpit\u00e4j\u00e4lle kuuluvan julkisen vallan k\u00e4ytt\u00e4miseksi<\/p>\n\n\n\n<p>6. K\u00e4sittely on tarpeen rekisterinpit\u00e4j\u00e4n tai kolmannen osapuolen oikeutettujen etujen toteuttamiseksi, paitsi milloin henkil\u00f6tietojen suojaa edellytt\u00e4v\u00e4t rekister\u00f6idyn edut tai perusoikeudet ja -vapaudet syrj\u00e4ytt\u00e4v\u00e4t t\u00e4llaiset edut.&nbsp;<\/p>\n\n\n\n<h2 class=\"wp-block-heading\">5. Rekisterin tietosis\u00e4lt\u00f6<\/h2>\n\n\n\n<p>Rekisteriin tallennettavia tietoja ovat:&nbsp;henkil\u00f6n nimi, asema, yritys\/organisaatio, yhteystiedot (puhelinnumero, s\u00e4hk\u00f6postiosoite, osoite), www-sivustojen osoitteet, verkkoyhteyden IP-osoite, tunnukset\/profiilit sosiaalisen median palveluissa, tiedot tilatuista palveluista ja niiden muutoksista, laskutustiedot, muut asiakassuhteeseen ja tilattuihin palveluihin liittyv\u00e4t tiedot.<\/p>\n\n\n\n<p>Henkil\u00f6tietoja k\u00e4sitell\u00e4\u00e4n yleisesti ottaen niin kauan kuin asiakkaan kanssa tehty sopimus (asiakkuussuhde) on voimassa. Tiedot merkit\u00e4\u00e4n rekisteriin sellaisina kuin ne saadaan ja niit\u00e4 p\u00e4ivitet\u00e4\u00e4n tarvittaessa.<\/p>\n\n\n\n<p>Verkkosivuston vierailijoiden IP-osoitteita ja palvelun toiminnoille v\u00e4ltt\u00e4m\u00e4tt\u00f6mi\u00e4 ev\u00e4steit\u00e4 k\u00e4sitell\u00e4\u00e4n oikeutetun edun perusteella mm. tietoturvasta huolehtimiseksi ja sivuston vierailijoiden tilastotietojen keruuta varten niiss\u00e4 tapauksissa, kun niiden voidaan katsoa olevan henkil\u00f6tietoja. <\/p>\n\n\n\n<h2 class=\"wp-block-heading\">6. S\u00e4\u00e4nn\u00f6nmukaiset tietol\u00e4hteet<\/h2>\n\n\n\n<p>Rekisteriin tallennettavat tiedot saadaan asiakkaalta mm. www-lomakkeilla l\u00e4hetetyist\u00e4 viesteist\u00e4, s\u00e4hk\u00f6postitse, puhelimitse, sosiaalisen median palvelujen kautta, sopimuksista, asiakastapaamisista ja muista tilanteista, joissa asiakas luovuttaa tietojaan.<\/p>\n\n\n\n<p>Yritysten ja muiden organisaatioiden yhteyshenkil\u00f6iden tietoja voidaan ker\u00e4t\u00e4 my\u00f6s julkisista l\u00e4hteist\u00e4 kuten verkkosivuilta, hakemistopalveluista ja muilta yrityksilt\u00e4.<\/p>\n\n\n\n<h2 class=\"wp-block-heading\">7. Tietojen s\u00e4\u00e4nn\u00f6nmukaiset luovutukset ja tietojen siirto EU:n tai ETA:n ulkopuolelle<\/h2>\n\n\n\n<p>Tietoja ei luovuteta s\u00e4\u00e4nn\u00f6nmukaisesti muille tahoille. Tietoja voidaan julkaista silt\u00e4 osin kuin niin on sovittu asiakkaan kanssa.<\/p>\n\n\n\n<p>Tietoja ei siirret\u00e4 my\u00f6sk\u00e4\u00e4n EU:n tai ETA:n ulkopuolelle ilman erillist\u00e4 sopimusta.<\/p>\n\n\n\n<h2 class=\"wp-block-heading\">8. Rekisterin suojauksen periaatteet<\/h2>\n\n\n\n<p>Tietoj\u00e4rjestelmiin tallennettavat tiedot ovat tallennettuina j\u00e4rjestelmiin, jotka edellytt\u00e4v\u00e4t kirjautumista. Sis\u00e4\u00e4nkirjautumisen mahdollistavia tunnuksia luovutetaan ainoastaan Selkopalvelut Oy:n j\u00e4senille, jotka tarvitsevat niit\u00e4 ty\u00f6nkuvansa puitteissa. Laitteisto, jossa tietoja s\u00e4ilytet\u00e4\u00e4n, on suojattu asianmukaisin keinoin palomuurilla ja muilla tarvittavilla teknisill\u00e4 toimenpiteill\u00e4.<\/p>\n\n\n\n<h2 class=\"wp-block-heading\">9. Tarkastusoikeus ja oikeus vaatia tiedon korjaamista<\/h2>\n\n\n\n<p>Jokaisella rekisteriss\u00e4 olevalla henkil\u00f6ll\u00e4 on oikeus tarkistaa rekisteriin tallennetut tietonsa ja vaatia mahdollisen virheellisen tiedon korjaamista tai puutteellisen tiedon t\u00e4ydent\u00e4mist\u00e4. Mik\u00e4li henkil\u00f6 haluaa tarkistaa h\u00e4nest\u00e4 tallennetut tiedot tai vaatia niihin oikaisua, pyynt\u00f6 tulee&nbsp;l\u00e4hett\u00e4\u00e4 kirjallisesti&nbsp;rekisterinpit\u00e4j\u00e4lle. Rekisterinpit\u00e4j\u00e4 voi pyyt\u00e4\u00e4 tarvittaessa pyynn\u00f6n esitt\u00e4j\u00e4\u00e4 todistamaan henkil\u00f6llisyytens\u00e4. <\/p>\n\n\n\n<h2 class=\"wp-block-heading\">10. Muut henkil\u00f6tietojen k\u00e4sittelyyn liittyv\u00e4t oikeudet<\/h2>\n\n\n\n<p>Rekisteriss\u00e4 olevalla henkil\u00f6ll\u00e4 on oikeus pyyt\u00e4\u00e4 h\u00e4nt\u00e4 koskevien henkil\u00f6tietojen poistamiseen rekisterist\u00e4 (&#8221;oikeus tulla unohdetuksi&#8221;). Niin ik\u00e4\u00e4n rekister\u00f6idyill\u00e4 on muut&nbsp;<a href=\"http:\/\/eur-lex.europa.eu\/legal-content\/FI\/TXT\/?uri=CELEX%3A32016R0679#d1e2144-1-1\" target=\"_blank\" rel=\"noreferrer noopener\">EU:n yleisen tietosuoja-asetuksen mukaiset oikeudet<\/a>&nbsp;kuten henkil\u00f6tietojen k\u00e4sittelyn rajoittaminen tietyiss\u00e4 tilanteissa. Pyynn\u00f6t tulee&nbsp;l\u00e4hett\u00e4\u00e4 kirjallisesti&nbsp;rekisterinpit\u00e4j\u00e4lle. Rekisterinpit\u00e4j\u00e4 voi pyyt\u00e4\u00e4 tarvittaessa pyynn\u00f6n esitt\u00e4j\u00e4\u00e4 todistamaan henkil\u00f6llisyytens\u00e4. <\/p>\n","protected":false},"excerpt":{"rendered":"<p>T\u00e4m\u00e4 on\u00a0Yrityksen\u00a0EU:n yleisen tietosuoja-asetuksen (GDPR) mukainen rekisteri- ja tietosuojaseloste. Laadittu\u00a017.1.2025. Viimeisin muutos\u00a025.2.2026. 1. Rekisterinpit\u00e4j\u00e4 Selkopalvelut&hellip;<\/p>\n","protected":false},"author":1,"featured_media":0,"parent":0,"menu_order":0,"comment_status":"closed","ping_status":"open","template":"","meta":{"om_disable_all_campaigns":false,"_monsterinsights_skip_tracking":false,"_monsterinsights_sitenote_active":false,"_monsterinsights_sitenote_note":"","_monsterinsights_sitenote_category":0,"footnotes":""},"class_list":["post-3","page","type-page","status-publish","hentry"],"aioseo_notices":[],"yoast_head":"<!-- This site is optimized with the Yoast SEO plugin v27.4 - https:\/\/yoast.com\/product\/yoast-seo-wordpress\/ -->\n<title>Rekisteri- ja tietosuojaseloste - Selkopalvelut<\/title>\n<meta name=\"description\" content=\"Rekisteri- ja tietosuojaseloste Selkopalvelut -\" \/>\n<meta name=\"robots\" content=\"index, follow, max-snippet:-1, max-image-preview:large, max-video-preview:-1\" \/>\n<link rel=\"canonical\" href=\"https:\/\/www.selkopalvelut.fi\/index.php\/privacy-policy\/\" \/>\n<meta property=\"og:locale\" content=\"fi_FI\" \/>\n<meta property=\"og:type\" content=\"article\" \/>\n<meta property=\"og:title\" content=\"Rekisteri- ja tietosuojaseloste - Selkopalvelut\" \/>\n<meta property=\"og:description\" content=\"Rekisteri- ja tietosuojaseloste Selkopalvelut -\" \/>\n<meta property=\"og:url\" content=\"https:\/\/www.selkopalvelut.fi\/index.php\/privacy-policy\/\" \/>\n<meta property=\"og:site_name\" content=\"Selkopalvelut\" \/>\n<meta property=\"article:modified_time\" content=\"2026-02-25T20:49:27+00:00\" \/>\n<meta property=\"og:image\" content=\"https:\/\/www.selkopalvelut.fi\/wp-content\/uploads\/2025\/01\/Selkopalvelut-logo-001.png\" \/>\n\t<meta property=\"og:image:width\" content=\"1031\" \/>\n\t<meta property=\"og:image:height\" content=\"211\" \/>\n\t<meta property=\"og:image:type\" content=\"image\/png\" \/>\n<meta name=\"twitter:card\" content=\"summary_large_image\" \/>\n<meta name=\"twitter:label1\" content=\"Arvioitu lukuaika\" \/>\n\t<meta name=\"twitter:data1\" content=\"4 minuuttia\" \/>\n<script type=\"application\/ld+json\" class=\"yoast-schema-graph\">{\"@context\":\"https:\\\/\\\/schema.org\",\"@graph\":[{\"@type\":\"WebPage\",\"@id\":\"https:\\\/\\\/www.selkopalvelut.fi\\\/index.php\\\/privacy-policy\\\/\",\"url\":\"https:\\\/\\\/www.selkopalvelut.fi\\\/index.php\\\/privacy-policy\\\/\",\"name\":\"Rekisteri- ja tietosuojaseloste - Selkopalvelut\",\"isPartOf\":{\"@id\":\"https:\\\/\\\/www.selkopalvelut.fi\\\/#website\"},\"datePublished\":\"2025-01-11T22:42:02+00:00\",\"dateModified\":\"2026-02-25T20:49:27+00:00\",\"description\":\"Rekisteri- ja tietosuojaseloste Selkopalvelut -\",\"breadcrumb\":{\"@id\":\"https:\\\/\\\/www.selkopalvelut.fi\\\/index.php\\\/privacy-policy\\\/#breadcrumb\"},\"inLanguage\":\"fi\",\"potentialAction\":[{\"@type\":\"ReadAction\",\"target\":[\"https:\\\/\\\/www.selkopalvelut.fi\\\/index.php\\\/privacy-policy\\\/\"]}]},{\"@type\":\"BreadcrumbList\",\"@id\":\"https:\\\/\\\/www.selkopalvelut.fi\\\/index.php\\\/privacy-policy\\\/#breadcrumb\",\"itemListElement\":[{\"@type\":\"ListItem\",\"position\":1,\"name\":\"Etusivu\",\"item\":\"https:\\\/\\\/www.selkopalvelut.fi\\\/\"},{\"@type\":\"ListItem\",\"position\":2,\"name\":\"Rekisteri- ja tietosuojaseloste\"}]},{\"@type\":\"WebSite\",\"@id\":\"https:\\\/\\\/www.selkopalvelut.fi\\\/#website\",\"url\":\"https:\\\/\\\/www.selkopalvelut.fi\\\/\",\"name\":\"Selkopalvelut\",\"description\":\"Selkopalvelut Oy Suomi , Selko, selkok&auml;&auml;nn&ouml;s, selkomateriaali, selkokieliset materiaalit, selkokielinen kuvitettu materiaali, selkoteksti, selkokuva, selkosivut, selkokieli, selkoratkaisu, selkokirjallisuus, selkojulkaisu, tekstipalvelut, selkokieliset, selkosuomeksi, selkosuomi, selkotekstit, selkoteksti, selkokieliset sivut, selkokieliset verkkosivut, selkokieliset ohjeet, selkokieliset verkkokirjat, selkopalvelut, selkopalvelut Oy Suomi, selkopalvelut Oy, selkopalvelu, selkopalvelut suomi, selko teksti\",\"publisher\":{\"@id\":\"https:\\\/\\\/www.selkopalvelut.fi\\\/#organization\"},\"alternateName\":\"Selkopalvelut Oy Suomi\",\"potentialAction\":[{\"@type\":\"SearchAction\",\"target\":{\"@type\":\"EntryPoint\",\"urlTemplate\":\"https:\\\/\\\/www.selkopalvelut.fi\\\/?s={search_term_string}\"},\"query-input\":{\"@type\":\"PropertyValueSpecification\",\"valueRequired\":true,\"valueName\":\"search_term_string\"}}],\"inLanguage\":\"fi\"},{\"@type\":\"Organization\",\"@id\":\"https:\\\/\\\/www.selkopalvelut.fi\\\/#organization\",\"name\":\"Selkopalvelut Oy Suomi\",\"alternateName\":\"Selkopalvelut\",\"url\":\"https:\\\/\\\/www.selkopalvelut.fi\\\/\",\"logo\":{\"@type\":\"ImageObject\",\"inLanguage\":\"fi\",\"@id\":\"https:\\\/\\\/www.selkopalvelut.fi\\\/#\\\/schema\\\/logo\\\/image\\\/\",\"url\":\"https:\\\/\\\/www.selkopalvelut.fi\\\/wp-content\\\/uploads\\\/2025\\\/01\\\/Selkopalvelut-logo-001.png\",\"contentUrl\":\"https:\\\/\\\/www.selkopalvelut.fi\\\/wp-content\\\/uploads\\\/2025\\\/01\\\/Selkopalvelut-logo-001.png\",\"width\":1031,\"height\":211,\"caption\":\"Selkopalvelut Oy Suomi\"},\"image\":{\"@id\":\"https:\\\/\\\/www.selkopalvelut.fi\\\/#\\\/schema\\\/logo\\\/image\\\/\"}}]}<\/script>\n<!-- \/ Yoast SEO plugin. -->","yoast_head_json":{"title":"Rekisteri- ja tietosuojaseloste - Selkopalvelut","description":"Rekisteri- ja tietosuojaseloste Selkopalvelut -","robots":{"index":"index","follow":"follow","max-snippet":"max-snippet:-1","max-image-preview":"max-image-preview:large","max-video-preview":"max-video-preview:-1"},"canonical":"https:\/\/www.selkopalvelut.fi\/index.php\/privacy-policy\/","og_locale":"fi_FI","og_type":"article","og_title":"Rekisteri- ja tietosuojaseloste - Selkopalvelut","og_description":"Rekisteri- ja tietosuojaseloste Selkopalvelut -","og_url":"https:\/\/www.selkopalvelut.fi\/index.php\/privacy-policy\/","og_site_name":"Selkopalvelut","article_modified_time":"2026-02-25T20:49:27+00:00","og_image":[{"width":1031,"height":211,"url":"https:\/\/www.selkopalvelut.fi\/wp-content\/uploads\/2025\/01\/Selkopalvelut-logo-001.png","type":"image\/png"}],"twitter_card":"summary_large_image","twitter_misc":{"Arvioitu lukuaika":"4 minuuttia"},"schema":{"@context":"https:\/\/schema.org","@graph":[{"@type":"WebPage","@id":"https:\/\/www.selkopalvelut.fi\/index.php\/privacy-policy\/","url":"https:\/\/www.selkopalvelut.fi\/index.php\/privacy-policy\/","name":"Rekisteri- ja tietosuojaseloste - Selkopalvelut","isPartOf":{"@id":"https:\/\/www.selkopalvelut.fi\/#website"},"datePublished":"2025-01-11T22:42:02+00:00","dateModified":"2026-02-25T20:49:27+00:00","description":"Rekisteri- ja tietosuojaseloste Selkopalvelut -","breadcrumb":{"@id":"https:\/\/www.selkopalvelut.fi\/index.php\/privacy-policy\/#breadcrumb"},"inLanguage":"fi","potentialAction":[{"@type":"ReadAction","target":["https:\/\/www.selkopalvelut.fi\/index.php\/privacy-policy\/"]}]},{"@type":"BreadcrumbList","@id":"https:\/\/www.selkopalvelut.fi\/index.php\/privacy-policy\/#breadcrumb","itemListElement":[{"@type":"ListItem","position":1,"name":"Etusivu","item":"https:\/\/www.selkopalvelut.fi\/"},{"@type":"ListItem","position":2,"name":"Rekisteri- ja tietosuojaseloste"}]},{"@type":"WebSite","@id":"https:\/\/www.selkopalvelut.fi\/#website","url":"https:\/\/www.selkopalvelut.fi\/","name":"Selkopalvelut","description":"Selkopalvelut Oy Suomi , Selko, selkok&auml;&auml;nn&ouml;s, selkomateriaali, selkokieliset materiaalit, selkokielinen kuvitettu materiaali, selkoteksti, selkokuva, selkosivut, selkokieli, selkoratkaisu, selkokirjallisuus, selkojulkaisu, tekstipalvelut, selkokieliset, selkosuomeksi, selkosuomi, selkotekstit, selkoteksti, selkokieliset sivut, selkokieliset verkkosivut, selkokieliset ohjeet, selkokieliset verkkokirjat, selkopalvelut, selkopalvelut Oy Suomi, selkopalvelut Oy, selkopalvelu, selkopalvelut suomi, selko teksti","publisher":{"@id":"https:\/\/www.selkopalvelut.fi\/#organization"},"alternateName":"Selkopalvelut Oy Suomi","potentialAction":[{"@type":"SearchAction","target":{"@type":"EntryPoint","urlTemplate":"https:\/\/www.selkopalvelut.fi\/?s={search_term_string}"},"query-input":{"@type":"PropertyValueSpecification","valueRequired":true,"valueName":"search_term_string"}}],"inLanguage":"fi"},{"@type":"Organization","@id":"https:\/\/www.selkopalvelut.fi\/#organization","name":"Selkopalvelut Oy Suomi","alternateName":"Selkopalvelut","url":"https:\/\/www.selkopalvelut.fi\/","logo":{"@type":"ImageObject","inLanguage":"fi","@id":"https:\/\/www.selkopalvelut.fi\/#\/schema\/logo\/image\/","url":"https:\/\/www.selkopalvelut.fi\/wp-content\/uploads\/2025\/01\/Selkopalvelut-logo-001.png","contentUrl":"https:\/\/www.selkopalvelut.fi\/wp-content\/uploads\/2025\/01\/Selkopalvelut-logo-001.png","width":1031,"height":211,"caption":"Selkopalvelut Oy Suomi"},"image":{"@id":"https:\/\/www.selkopalvelut.fi\/#\/schema\/logo\/image\/"}}]}},"_links":{"self":[{"href":"https:\/\/www.selkopalvelut.fi\/index.php\/wp-json\/wp\/v2\/pages\/3","targetHints":{"allow":["GET"]}}],"collection":[{"href":"https:\/\/www.selkopalvelut.fi\/index.php\/wp-json\/wp\/v2\/pages"}],"about":[{"href":"https:\/\/www.selkopalvelut.fi\/index.php\/wp-json\/wp\/v2\/types\/page"}],"author":[{"embeddable":true,"href":"https:\/\/www.selkopalvelut.fi\/index.php\/wp-json\/wp\/v2\/users\/1"}],"replies":[{"embeddable":true,"href":"https:\/\/www.selkopalvelut.fi\/index.php\/wp-json\/wp\/v2\/comments?post=3"}],"version-history":[{"count":6,"href":"https:\/\/www.selkopalvelut.fi\/index.php\/wp-json\/wp\/v2\/pages\/3\/revisions"}],"predecessor-version":[{"id":841,"href":"https:\/\/www.selkopalvelut.fi\/index.php\/wp-json\/wp\/v2\/pages\/3\/revisions\/841"}],"wp:attachment":[{"href":"https:\/\/www.selkopalvelut.fi\/index.php\/wp-json\/wp\/v2\/media?parent=3"}],"curies":[{"name":"wp","href":"https:\/\/api.w.org\/{rel}","templated":true}]}}