{"id":35,"date":"2025-01-05T14:43:51","date_gmt":"2025-01-05T14:43:51","guid":{"rendered":"https:\/\/www.selkopalvelut.fi\/?page_id=35"},"modified":"2026-03-08T15:58:27","modified_gmt":"2026-03-08T15:58:27","slug":"home","status":"publish","type":"page","link":"https:\/\/www.selkopalvelut.fi\/","title":{"rendered":"Selkokieli &#8211; selkosuomi, selkoenglanti, selkokieliset verkkosivut, selkokielinen verkkoteksti, selkomukautus ja selkotulkkaus"},"content":{"rendered":"\n<div class=\"wp-block-cover alignfull\" style=\"margin-top:0;margin-bottom:0;padding-top:0;padding-bottom:0;min-height:349px;aspect-ratio:unset;\"><img loading=\"lazy\" decoding=\"async\" width=\"1024\" height=\"576\" class=\"wp-block-cover__image-background wp-image-68 size-large\" alt=\"\" src=\"https:\/\/www.selkopalvelut.fi\/wp-content\/uploads\/2025\/01\/Taustakuva-placeholder-Blur001-1024x576.jpg\" data-object-fit=\"cover\" srcset=\"https:\/\/www.selkopalvelut.fi\/wp-content\/uploads\/2025\/01\/Taustakuva-placeholder-Blur001-1024x576.jpg 1024w, https:\/\/www.selkopalvelut.fi\/wp-content\/uploads\/2025\/01\/Taustakuva-placeholder-Blur001-300x169.jpg 300w, https:\/\/www.selkopalvelut.fi\/wp-content\/uploads\/2025\/01\/Taustakuva-placeholder-Blur001-768x432.jpg 768w, https:\/\/www.selkopalvelut.fi\/wp-content\/uploads\/2025\/01\/Taustakuva-placeholder-Blur001-1536x864.jpg 1536w, https:\/\/www.selkopalvelut.fi\/wp-content\/uploads\/2025\/01\/Taustakuva-placeholder-Blur001.jpg 1920w\" sizes=\"auto, (max-width: 1024px) 100vw, 1024px\" \/><span aria-hidden=\"true\" class=\"wp-block-cover__background has-background-dim-90 has-background-dim wp-block-cover__gradient-background has-background-gradient\" style=\"background:linear-gradient(135deg,rgb(0,234,255) 0%,rgb(0,118,126) 100%)\"><\/span><div class=\"wp-block-cover__inner-container is-layout-flow wp-container-core-cover-is-layout-a70f80f3 wp-block-cover-is-layout-flow\">\n<div class=\"wp-block-group p-animation-text-transform is-layout-constrained wp-block-group-is-layout-constrained\">\n<div style=\"height:8px\" aria-hidden=\"true\" class=\"wp-block-spacer\"><\/div>\n\n\n\n<p><\/p>\n\n\n\n<p class=\"has-text-align-center\">Tarjoamme laadukkaita selkopalveluja pienist\u00e4 k\u00e4\u00e4nn\u00f6st\u00f6ist\u00e4 suurempiin projekteihin nopealla toimitusajalla. Toteutamme selkomukautuksia selkosuomeksi, selkoruotsiksi ja selkoenglanniksi. Kysy my\u00f6s muita kieli\u00e4!<\/p>\n\n\n\n<p class=\"has-text-align-center\">Palvelukokonaisuus suunnitellaan asiakkaan tarpeiden ja toiveiden mukaan. Selkotekstit hinnoitellaan liuskahinnalla ja muut palvelut tuntiveloituksena tai projektin kokonaisuuden mukaan.&nbsp;<\/p>\n\n\n\n<div style=\"height:8px\" aria-hidden=\"true\" class=\"wp-block-spacer\"><\/div>\n\n\n\n<p class=\"has-text-align-center has-white-color has-text-color has-link-color wp-elements-32f5dda98366228aeb6922af16bc0c49\"><a href=\"https:\/\/www.selkopalvelut.fi\/index.php\/ota-yhteytta\/\" data-type=\"internal\" data-id=\"#Yhteydenottolomake\">Ota yhteytt\u00e4!<\/a><\/p>\n\n\n\n<p><\/p>\n<\/div>\n<\/div><\/div>\n\n\n\n<div class=\"wp-block-group alignfull has-kenta-base-background-color has-background is-layout-constrained wp-container-core-group-is-layout-017bfff7 wp-block-group-is-layout-constrained\" style=\"margin-top:0;margin-bottom:0;padding-top:var(--wp--preset--spacing--medium);padding-right:var(--wp--preset--spacing--small);padding-bottom:var(--wp--preset--spacing--medium);padding-left:var(--wp--preset--spacing--small)\">\n<h2 class=\"wp-block-heading has-text-align-center\">T\u00e4yden palvelun selkoratkaisut!<\/h2>\n\n\n\n<div style=\"height:24px\" aria-hidden=\"true\" class=\"wp-block-spacer\"><\/div>\n\n\n\n<div class=\"wp-block-columns alignwide is-layout-flex wp-container-core-columns-is-layout-f0342b05 wp-block-columns-is-layout-flex\" style=\"margin-top:0;margin-bottom:0\">\n<div class=\"wp-block-column is-layout-flow wp-block-column-is-layout-flow\" style=\"padding-top:0;padding-right:var(--wp--preset--spacing--xx-small);padding-bottom:0;padding-left:var(--wp--preset--spacing--xx-small)\">\n<div class=\"wp-block-cover is-light\" style=\"border-style:none;border-width:0px;min-height:100px;aspect-ratio:unset;\"><span aria-hidden=\"true\" class=\"wp-block-cover__background has-luminous-vivid-amber-background-color has-background-dim-100 has-background-dim\"><\/span><div class=\"wp-block-cover__inner-container is-layout-constrained wp-block-cover-is-layout-constrained\">\n<p class=\"has-text-align-center has-medium-font-size\"><strong>Selkosuomi<\/strong><\/p>\n<\/div><\/div>\n\n\n\n<p class=\"has-text-align-center\">Selkokieliset tekstit, jotka on mukautettu sis\u00e4ll\u00f6lt\u00e4\u00e4n, sanastoltaan ja rakenteeltaan yleiskielt\u00e4 luettavammaksi ja ymm\u00e4rrett\u00e4v\u00e4mm\u00e4ksi. Kysy my\u00f6s \u00e4\u00e4nitteit\u00e4, kuvia ja videoita!<\/p>\n<\/div>\n\n\n\n<div class=\"wp-block-column is-vertically-aligned-top is-layout-flow wp-block-column-is-layout-flow\" style=\"padding-top:0;padding-right:var(--wp--preset--spacing--xx-small);padding-bottom:0;padding-left:var(--wp--preset--spacing--xx-small)\">\n<div class=\"wp-block-cover is-light\" style=\"border-style:none;border-width:0px;min-height:100px;aspect-ratio:unset;\"><span aria-hidden=\"true\" class=\"wp-block-cover__background has-luminous-vivid-amber-background-color has-background-dim-100 has-background-dim\"><\/span><div class=\"wp-block-cover__inner-container is-layout-constrained wp-block-cover-is-layout-constrained\">\n<p class=\"has-text-align-center has-medium-font-size\"><strong>Selkokieliset verkkosivut<\/strong><\/p>\n<\/div><\/div>\n\n\n\n<p class=\"has-text-align-center\">Helppok\u00e4ytt\u00f6iset verkkosivut, joissa tekstit on kirjoitettu selkokielell\u00e4 ja visuaalinen ilme tukee tekstin ymm\u00e4rrett\u00e4vyytt\u00e4.  Verkkosivut my\u00f6s selkoenglanniksi!<\/p>\n<\/div>\n\n\n\n<div class=\"wp-block-column is-layout-flow wp-block-column-is-layout-flow\" style=\"padding-top:0;padding-right:var(--wp--preset--spacing--xx-small);padding-bottom:0;padding-left:var(--wp--preset--spacing--xx-small)\">\n<div class=\"wp-block-cover is-light\" style=\"border-style:none;border-width:0px;min-height:100px;aspect-ratio:unset;\"><span aria-hidden=\"true\" class=\"wp-block-cover__background has-luminous-vivid-amber-background-color has-background-dim-100 has-background-dim\"><\/span><div class=\"wp-block-cover__inner-container is-layout-constrained wp-block-cover-is-layout-constrained\">\n<p class=\"has-text-align-center has-medium-font-size\"><strong>Selkoenglanti ja muun kieliset k\u00e4\u00e4nn\u00f6kset<\/strong><\/p>\n<\/div><\/div>\n\n\n\n<p class=\"has-text-align-center\">Mukautamme tekstit selkoenglanniksi suomen- tai englanninkielisest\u00e4 tekstist\u00e4. Plain English is clear and simple language. It is easy to read and understand. Kysy my\u00f6s muita kieli\u00e4!<\/p>\n<\/div>\n\n\n\n<div class=\"wp-block-column is-layout-flow wp-block-column-is-layout-flow\" style=\"padding-top:0;padding-right:var(--wp--preset--spacing--xx-small);padding-bottom:0;padding-left:var(--wp--preset--spacing--xx-small)\">\n<div class=\"wp-block-cover is-light\" style=\"border-style:none;border-width:0px;min-height:100px;aspect-ratio:unset;\"><span aria-hidden=\"true\" class=\"wp-block-cover__background has-luminous-vivid-amber-background-color has-background-dim-100 has-background-dim\"><\/span><div class=\"wp-block-cover__inner-container is-layout-constrained wp-block-cover-is-layout-constrained\">\n<p class=\"has-text-align-center has-medium-font-size\"><strong>Selkotulkkaus<\/strong><\/p>\n<\/div><\/div>\n\n\n\n<p class=\"has-text-align-center\">Selkokielinen tekstitulkkaus, puhetulkkaus, et\u00e4tulkkaus ja videotulkkaus. Tilaa selkotulkkaus esimerkiksi esitykseen, ohjelmaan tai tapahtumaan. Kysy selkotulkkausta my\u00f6s selkoenglanniksi!<\/p>\n<\/div>\n<\/div>\n\n\n\n<div class=\"wp-block-buttons has-white-background-color has-background is-content-justification-center is-layout-flex wp-container-core-buttons-is-layout-a89b3969 wp-block-buttons-is-layout-flex\">\n<div class=\"wp-block-button\"><a class=\"wp-block-button__link has-black-color has-gray-background-color has-text-color has-background has-link-color wp-element-button\" href=\"https:\/\/www.selkopalvelut.fi\/index.php\/palvelut\/\">Lue lis\u00e4\u00e4 palveluistamme!<\/a><\/div>\n<\/div>\n<\/div>\n\n\n\n<div class=\"wp-block-group alignfull has-gray-background-color has-background is-layout-constrained wp-container-core-group-is-layout-747dd2cb wp-block-group-is-layout-constrained\" style=\"margin-top:0;margin-bottom:0;padding-top:3rem;padding-right:var(--wp--preset--spacing--medium);padding-bottom:3rem;padding-left:var(--wp--preset--spacing--medium)\">\n<h3 class=\"wp-block-heading has-text-align-center\">Selkokieli &#8211; s\u00e4\u00e4d\u00f6kset koskettavat monia palveluja:<\/h3>\n\n\n\n<div style=\"height:22px\" aria-hidden=\"true\" class=\"wp-block-spacer\"><\/div>\n\n\n\n<p class=\"has-text-align-center\">Esteett\u00f6myyden edist\u00e4minen on t\u00e4rke\u00e4\u00e4, jotta kaikilla on yhdenvertainen mahdollisuus osallistua yhteiskuntaan. T\u00e4t\u00e4 tavoitetta tukee my\u00f6s Euroopan unionin esteett\u00f6myysdirektiivi, joka astui voimaan 28.6.2025.<\/p>\n\n\n\n<div class=\"wp-block-buttons is-content-justification-center is-layout-flex wp-container-core-buttons-is-layout-a89b3969 wp-block-buttons-is-layout-flex\">\n<div class=\"wp-block-button is-style-outline is-style-outline--1\"><a class=\"wp-block-button__link has-custom-font-size wp-element-button\" href=\"https:\/\/stm.fi\/esteettomyysdirektiivi\" style=\"font-size:20px;text-transform:none\" target=\"_blank\" rel=\"noreferrer noopener\">EU-direktiivi<\/a><\/div>\n<\/div>\n<\/div>\n\n\n\n<div class=\"wp-block-group alignfull is-layout-constrained wp-block-group-is-layout-constrained\" style=\"margin-top:0;margin-bottom:0;padding-top:0rem;padding-bottom:0rem\"><\/div>\n\n\n\n<div class=\"wp-block-group alignfull has-contrast-color has-text-color is-vertical is-content-justification-center is-layout-flex wp-container-core-group-is-layout-f306f087 wp-block-group-is-layout-flex\" style=\"min-height:40vh;margin-top:0;margin-bottom:0;padding-top:var(--wp--preset--spacing--60);padding-right:var(--wp--preset--spacing--50);padding-bottom:var(--wp--preset--spacing--60);padding-left:var(--wp--preset--spacing--50)\"><div style=\"margin-bottom:6px;\" class=\"aligncenter wp-block-site-logo\"><a href=\"https:\/\/www.selkopalvelut.fi\/\" class=\"custom-logo-link light-mode-logo\" rel=\"home\"><img loading=\"lazy\" decoding=\"async\" width=\"300\" height=\"61\" src=\"https:\/\/www.selkopalvelut.fi\/wp-content\/uploads\/2025\/01\/Selkopalvelut-logo-001.png\" class=\"custom-logo\" alt=\"Selkopalvelut\" srcset=\"https:\/\/www.selkopalvelut.fi\/wp-content\/uploads\/2025\/01\/Selkopalvelut-logo-001.png 1031w, https:\/\/www.selkopalvelut.fi\/wp-content\/uploads\/2025\/01\/Selkopalvelut-logo-001-300x61.png 300w, https:\/\/www.selkopalvelut.fi\/wp-content\/uploads\/2025\/01\/Selkopalvelut-logo-001-1024x210.png 1024w, https:\/\/www.selkopalvelut.fi\/wp-content\/uploads\/2025\/01\/Selkopalvelut-logo-001-768x157.png 768w\" sizes=\"auto, (max-width: 300px) 100vw, 300px\" \/><\/a><\/div>\n\n\n<p class=\"has-text-align-center has-medium-font-size\">info@selkopalvelut.fi<\/p>\n\n\n\n<p class=\"has-text-align-center\"><a href=\"https:\/\/www.selkopalvelut.fi\/index.php\/privacy-policy\/\" data-type=\"link\" data-id=\"https:\/\/www.selkopalvelut.fi\/index.php\/privacy-policy\/\" target=\"_blank\" rel=\"noreferrer noopener\">Tietosuojaseloste<\/a><\/p>\n\n\n\n<p>\u00a9 2026 Selkopalvelut Oy Suomi<\/p>\n<\/div>\n","protected":false},"excerpt":{"rendered":"<p>T\u00e4yden palvelun selkoratkaisut! Selkokieliset tekstit, jotka on mukautettu sis\u00e4ll\u00f6lt\u00e4\u00e4n, sanastoltaan ja rakenteeltaan yleiskielt\u00e4 luettavammaksi ja&hellip;<\/p>\n","protected":false},"author":1,"featured_media":0,"parent":0,"menu_order":0,"comment_status":"closed","ping_status":"closed","template":"","meta":{"om_disable_all_campaigns":false,"_monsterinsights_skip_tracking":false,"_monsterinsights_sitenote_active":false,"_monsterinsights_sitenote_note":"","_monsterinsights_sitenote_category":0,"footnotes":""},"class_list":["post-35","page","type-page","status-publish","hentry"],"aioseo_notices":[],"yoast_head":"<!-- This site is optimized with the Yoast SEO plugin v27.4 - https:\/\/yoast.com\/product\/yoast-seo-wordpress\/ -->\n<title>Selkokieli - selkosuomi, selkoenglanti, selkokieliset verkkosivut, selkokielinen verkkoteksti, selkomukautus ja selkotulkkaus - Selkopalvelut<\/title>\n<meta name=\"description\" content=\"Selkokieli - selkosuomi, selkoenglanti, selkokieliset verkkosivut, selkokielinen verkkoteksti, selkomukautus ja selkotulkkaus Selkopalvelut -\" \/>\n<meta name=\"robots\" content=\"index, follow, max-snippet:-1, max-image-preview:large, max-video-preview:-1\" \/>\n<link rel=\"canonical\" href=\"https:\/\/www.selkopalvelut.fi\/\" \/>\n<meta property=\"og:locale\" content=\"fi_FI\" \/>\n<meta property=\"og:type\" content=\"article\" \/>\n<meta property=\"og:title\" content=\"Selkokieli - selkosuomi, selkoenglanti, selkokieliset verkkosivut, selkokielinen verkkoteksti, selkomukautus ja selkotulkkaus - Selkopalvelut\" \/>\n<meta property=\"og:description\" content=\"Selkokieli - selkosuomi, selkoenglanti, selkokieliset verkkosivut, selkokielinen verkkoteksti, selkomukautus ja selkotulkkaus Selkopalvelut -\" \/>\n<meta property=\"og:url\" content=\"https:\/\/www.selkopalvelut.fi\/\" \/>\n<meta property=\"og:site_name\" content=\"Selkopalvelut\" \/>\n<meta property=\"article:modified_time\" content=\"2026-03-08T15:58:27+00:00\" \/>\n<meta property=\"og:image\" content=\"https:\/\/www.selkopalvelut.fi\/wp-content\/uploads\/2025\/01\/Taustakuva-placeholder-Blur001.jpg\" \/>\n\t<meta property=\"og:image:width\" content=\"1920\" \/>\n\t<meta property=\"og:image:height\" content=\"1080\" \/>\n\t<meta property=\"og:image:type\" content=\"image\/jpeg\" \/>\n<meta name=\"twitter:card\" content=\"summary_large_image\" \/>\n<meta name=\"twitter:label1\" content=\"Arvioitu lukuaika\" \/>\n\t<meta name=\"twitter:data1\" content=\"2 minuuttia\" \/>\n<script type=\"application\/ld+json\" class=\"yoast-schema-graph\">{\"@context\":\"https:\\\/\\\/schema.org\",\"@graph\":[{\"@type\":\"WebPage\",\"@id\":\"https:\\\/\\\/www.selkopalvelut.fi\\\/\",\"url\":\"https:\\\/\\\/www.selkopalvelut.fi\\\/\",\"name\":\"Selkokieli - selkosuomi, selkoenglanti, selkokieliset verkkosivut, selkokielinen verkkoteksti, selkomukautus ja selkotulkkaus - Selkopalvelut\",\"isPartOf\":{\"@id\":\"https:\\\/\\\/www.selkopalvelut.fi\\\/#website\"},\"primaryImageOfPage\":{\"@id\":\"https:\\\/\\\/www.selkopalvelut.fi\\\/#primaryimage\"},\"image\":{\"@id\":\"https:\\\/\\\/www.selkopalvelut.fi\\\/#primaryimage\"},\"thumbnailUrl\":\"https:\\\/\\\/www.selkopalvelut.fi\\\/wp-content\\\/uploads\\\/2025\\\/01\\\/Taustakuva-placeholder-Blur001-1024x576.jpg\",\"datePublished\":\"2025-01-05T14:43:51+00:00\",\"dateModified\":\"2026-03-08T15:58:27+00:00\",\"description\":\"Selkokieli - selkosuomi, selkoenglanti, selkokieliset verkkosivut, selkokielinen verkkoteksti, selkomukautus ja selkotulkkaus Selkopalvelut -\",\"breadcrumb\":{\"@id\":\"https:\\\/\\\/www.selkopalvelut.fi\\\/#breadcrumb\"},\"inLanguage\":\"fi\",\"potentialAction\":[{\"@type\":\"ReadAction\",\"target\":[\"https:\\\/\\\/www.selkopalvelut.fi\\\/\"]}]},{\"@type\":\"ImageObject\",\"inLanguage\":\"fi\",\"@id\":\"https:\\\/\\\/www.selkopalvelut.fi\\\/#primaryimage\",\"url\":\"https:\\\/\\\/www.selkopalvelut.fi\\\/wp-content\\\/uploads\\\/2025\\\/01\\\/Taustakuva-placeholder-Blur001.jpg\",\"contentUrl\":\"https:\\\/\\\/www.selkopalvelut.fi\\\/wp-content\\\/uploads\\\/2025\\\/01\\\/Taustakuva-placeholder-Blur001.jpg\",\"width\":1920,\"height\":1080},{\"@type\":\"BreadcrumbList\",\"@id\":\"https:\\\/\\\/www.selkopalvelut.fi\\\/#breadcrumb\",\"itemListElement\":[{\"@type\":\"ListItem\",\"position\":1,\"name\":\"Etusivu\",\"item\":\"https:\\\/\\\/www.selkopalvelut.fi\\\/\"},{\"@type\":\"ListItem\",\"position\":2,\"name\":\"Selkokieli &#8211; selkosuomi, selkoenglanti, selkokieliset verkkosivut, selkokielinen verkkoteksti, selkomukautus ja selkotulkkaus\"}]},{\"@type\":\"WebSite\",\"@id\":\"https:\\\/\\\/www.selkopalvelut.fi\\\/#website\",\"url\":\"https:\\\/\\\/www.selkopalvelut.fi\\\/\",\"name\":\"Selkopalvelut\",\"description\":\"Selkopalvelut Oy Suomi , Selko, selkok&auml;&auml;nn&ouml;s, selkomateriaali, selkokieliset materiaalit, selkokielinen kuvitettu materiaali, selkoteksti, selkokuva, selkosivut, selkokieli, selkoratkaisu, selkokirjallisuus, selkojulkaisu, tekstipalvelut, selkokieliset, selkosuomeksi, selkosuomi, selkotekstit, selkoteksti, selkokieliset sivut, selkokieliset verkkosivut, selkokieliset ohjeet, selkokieliset verkkokirjat, selkopalvelut, selkopalvelut Oy Suomi, selkopalvelut Oy, selkopalvelu, selkopalvelut suomi, selko teksti\",\"publisher\":{\"@id\":\"https:\\\/\\\/www.selkopalvelut.fi\\\/#organization\"},\"alternateName\":\"Selkopalvelut Oy Suomi\",\"potentialAction\":[{\"@type\":\"SearchAction\",\"target\":{\"@type\":\"EntryPoint\",\"urlTemplate\":\"https:\\\/\\\/www.selkopalvelut.fi\\\/?s={search_term_string}\"},\"query-input\":{\"@type\":\"PropertyValueSpecification\",\"valueRequired\":true,\"valueName\":\"search_term_string\"}}],\"inLanguage\":\"fi\"},{\"@type\":\"Organization\",\"@id\":\"https:\\\/\\\/www.selkopalvelut.fi\\\/#organization\",\"name\":\"Selkopalvelut Oy Suomi\",\"alternateName\":\"Selkopalvelut\",\"url\":\"https:\\\/\\\/www.selkopalvelut.fi\\\/\",\"logo\":{\"@type\":\"ImageObject\",\"inLanguage\":\"fi\",\"@id\":\"https:\\\/\\\/www.selkopalvelut.fi\\\/#\\\/schema\\\/logo\\\/image\\\/\",\"url\":\"https:\\\/\\\/www.selkopalvelut.fi\\\/wp-content\\\/uploads\\\/2025\\\/01\\\/Selkopalvelut-logo-001.png\",\"contentUrl\":\"https:\\\/\\\/www.selkopalvelut.fi\\\/wp-content\\\/uploads\\\/2025\\\/01\\\/Selkopalvelut-logo-001.png\",\"width\":1031,\"height\":211,\"caption\":\"Selkopalvelut Oy Suomi\"},\"image\":{\"@id\":\"https:\\\/\\\/www.selkopalvelut.fi\\\/#\\\/schema\\\/logo\\\/image\\\/\"}}]}<\/script>\n<!-- \/ Yoast SEO plugin. -->","yoast_head_json":{"title":"Selkokieli - selkosuomi, selkoenglanti, selkokieliset verkkosivut, selkokielinen verkkoteksti, selkomukautus ja selkotulkkaus - Selkopalvelut","description":"Selkokieli - selkosuomi, selkoenglanti, selkokieliset verkkosivut, selkokielinen verkkoteksti, selkomukautus ja selkotulkkaus Selkopalvelut -","robots":{"index":"index","follow":"follow","max-snippet":"max-snippet:-1","max-image-preview":"max-image-preview:large","max-video-preview":"max-video-preview:-1"},"canonical":"https:\/\/www.selkopalvelut.fi\/","og_locale":"fi_FI","og_type":"article","og_title":"Selkokieli - selkosuomi, selkoenglanti, selkokieliset verkkosivut, selkokielinen verkkoteksti, selkomukautus ja selkotulkkaus - Selkopalvelut","og_description":"Selkokieli - selkosuomi, selkoenglanti, selkokieliset verkkosivut, selkokielinen verkkoteksti, selkomukautus ja selkotulkkaus Selkopalvelut -","og_url":"https:\/\/www.selkopalvelut.fi\/","og_site_name":"Selkopalvelut","article_modified_time":"2026-03-08T15:58:27+00:00","og_image":[{"width":1920,"height":1080,"url":"https:\/\/www.selkopalvelut.fi\/wp-content\/uploads\/2025\/01\/Taustakuva-placeholder-Blur001.jpg","type":"image\/jpeg"}],"twitter_card":"summary_large_image","twitter_misc":{"Arvioitu lukuaika":"2 minuuttia"},"schema":{"@context":"https:\/\/schema.org","@graph":[{"@type":"WebPage","@id":"https:\/\/www.selkopalvelut.fi\/","url":"https:\/\/www.selkopalvelut.fi\/","name":"Selkokieli - selkosuomi, selkoenglanti, selkokieliset verkkosivut, selkokielinen verkkoteksti, selkomukautus ja selkotulkkaus - Selkopalvelut","isPartOf":{"@id":"https:\/\/www.selkopalvelut.fi\/#website"},"primaryImageOfPage":{"@id":"https:\/\/www.selkopalvelut.fi\/#primaryimage"},"image":{"@id":"https:\/\/www.selkopalvelut.fi\/#primaryimage"},"thumbnailUrl":"https:\/\/www.selkopalvelut.fi\/wp-content\/uploads\/2025\/01\/Taustakuva-placeholder-Blur001-1024x576.jpg","datePublished":"2025-01-05T14:43:51+00:00","dateModified":"2026-03-08T15:58:27+00:00","description":"Selkokieli - selkosuomi, selkoenglanti, selkokieliset verkkosivut, selkokielinen verkkoteksti, selkomukautus ja selkotulkkaus Selkopalvelut -","breadcrumb":{"@id":"https:\/\/www.selkopalvelut.fi\/#breadcrumb"},"inLanguage":"fi","potentialAction":[{"@type":"ReadAction","target":["https:\/\/www.selkopalvelut.fi\/"]}]},{"@type":"ImageObject","inLanguage":"fi","@id":"https:\/\/www.selkopalvelut.fi\/#primaryimage","url":"https:\/\/www.selkopalvelut.fi\/wp-content\/uploads\/2025\/01\/Taustakuva-placeholder-Blur001.jpg","contentUrl":"https:\/\/www.selkopalvelut.fi\/wp-content\/uploads\/2025\/01\/Taustakuva-placeholder-Blur001.jpg","width":1920,"height":1080},{"@type":"BreadcrumbList","@id":"https:\/\/www.selkopalvelut.fi\/#breadcrumb","itemListElement":[{"@type":"ListItem","position":1,"name":"Etusivu","item":"https:\/\/www.selkopalvelut.fi\/"},{"@type":"ListItem","position":2,"name":"Selkokieli &#8211; selkosuomi, selkoenglanti, selkokieliset verkkosivut, selkokielinen verkkoteksti, selkomukautus ja selkotulkkaus"}]},{"@type":"WebSite","@id":"https:\/\/www.selkopalvelut.fi\/#website","url":"https:\/\/www.selkopalvelut.fi\/","name":"Selkopalvelut","description":"Selkopalvelut Oy Suomi , Selko, selkok&auml;&auml;nn&ouml;s, selkomateriaali, selkokieliset materiaalit, selkokielinen kuvitettu materiaali, selkoteksti, selkokuva, selkosivut, selkokieli, selkoratkaisu, selkokirjallisuus, selkojulkaisu, tekstipalvelut, selkokieliset, selkosuomeksi, selkosuomi, selkotekstit, selkoteksti, selkokieliset sivut, selkokieliset verkkosivut, selkokieliset ohjeet, selkokieliset verkkokirjat, selkopalvelut, selkopalvelut Oy Suomi, selkopalvelut Oy, selkopalvelu, selkopalvelut suomi, selko teksti","publisher":{"@id":"https:\/\/www.selkopalvelut.fi\/#organization"},"alternateName":"Selkopalvelut Oy Suomi","potentialAction":[{"@type":"SearchAction","target":{"@type":"EntryPoint","urlTemplate":"https:\/\/www.selkopalvelut.fi\/?s={search_term_string}"},"query-input":{"@type":"PropertyValueSpecification","valueRequired":true,"valueName":"search_term_string"}}],"inLanguage":"fi"},{"@type":"Organization","@id":"https:\/\/www.selkopalvelut.fi\/#organization","name":"Selkopalvelut Oy Suomi","alternateName":"Selkopalvelut","url":"https:\/\/www.selkopalvelut.fi\/","logo":{"@type":"ImageObject","inLanguage":"fi","@id":"https:\/\/www.selkopalvelut.fi\/#\/schema\/logo\/image\/","url":"https:\/\/www.selkopalvelut.fi\/wp-content\/uploads\/2025\/01\/Selkopalvelut-logo-001.png","contentUrl":"https:\/\/www.selkopalvelut.fi\/wp-content\/uploads\/2025\/01\/Selkopalvelut-logo-001.png","width":1031,"height":211,"caption":"Selkopalvelut Oy Suomi"},"image":{"@id":"https:\/\/www.selkopalvelut.fi\/#\/schema\/logo\/image\/"}}]}},"_links":{"self":[{"href":"https:\/\/www.selkopalvelut.fi\/index.php\/wp-json\/wp\/v2\/pages\/35","targetHints":{"allow":["GET"]}}],"collection":[{"href":"https:\/\/www.selkopalvelut.fi\/index.php\/wp-json\/wp\/v2\/pages"}],"about":[{"href":"https:\/\/www.selkopalvelut.fi\/index.php\/wp-json\/wp\/v2\/types\/page"}],"author":[{"embeddable":true,"href":"https:\/\/www.selkopalvelut.fi\/index.php\/wp-json\/wp\/v2\/users\/1"}],"replies":[{"embeddable":true,"href":"https:\/\/www.selkopalvelut.fi\/index.php\/wp-json\/wp\/v2\/comments?post=35"}],"version-history":[{"count":227,"href":"https:\/\/www.selkopalvelut.fi\/index.php\/wp-json\/wp\/v2\/pages\/35\/revisions"}],"predecessor-version":[{"id":890,"href":"https:\/\/www.selkopalvelut.fi\/index.php\/wp-json\/wp\/v2\/pages\/35\/revisions\/890"}],"wp:attachment":[{"href":"https:\/\/www.selkopalvelut.fi\/index.php\/wp-json\/wp\/v2\/media?parent=35"}],"curies":[{"name":"wp","href":"https:\/\/api.w.org\/{rel}","templated":true}]}}