{"id":37,"date":"2025-01-05T14:43:51","date_gmt":"2025-01-05T14:43:51","guid":{"rendered":"https:\/\/www.selkopalvelut.fi\/?page_id=37"},"modified":"2026-03-04T20:09:04","modified_gmt":"2026-03-04T20:09:04","slug":"contact","status":"publish","type":"page","link":"https:\/\/www.selkopalvelut.fi\/index.php\/contact\/","title":{"rendered":"Yhteystiedot"},"content":{"rendered":"\n<div class=\"wp-block-group pattern-testimonials is-layout-constrained wp-container-core-group-is-layout-a4984e75 wp-block-group-is-layout-constrained\" style=\"margin-top:0;margin-bottom:0;padding-top:0;padding-right:0;padding-bottom:var(--wp--preset--spacing--large);padding-left:0\">\n<div class=\"wp-block-columns p-animation-text-moveUp is-layout-flex wp-container-core-columns-is-layout-4d6f83e8 wp-block-columns-is-layout-flex\" style=\"padding-top:var(--wp--preset--spacing--60)\">\n<div class=\"wp-block-column is-layout-flow wp-block-column-is-layout-flow\" style=\"padding-right:0\">\n<div class=\"wp-block-group is-style-fotawp-boxshadow is-layout-constrained wp-container-core-group-is-layout-ca09131d wp-block-group-is-layout-constrained\" style=\"padding-top:var(--wp--preset--spacing--60);padding-right:var(--wp--preset--spacing--60);padding-bottom:var(--wp--preset--spacing--60);padding-left:var(--wp--preset--spacing--60)\">\n<p class=\"has-text-align-center wp-block-heading has-luminous-vivid-amber-background-color has-background\">Pyyd\u00e4 tarjous<\/p>\n\n\n\n<p class=\"has-text-align-center has-gray-background-color has-background has-medium-font-size\" style=\"margin-top:0;margin-right:0;margin-bottom:0;margin-left:0;padding-top:var(--wp--preset--spacing--30);padding-right:0;padding-bottom:var(--wp--preset--spacing--30);padding-left:0\">myynti@selkopalvelut.fi<\/p>\n\n\n\n<p class=\"has-text-align-center wp-block-heading has-luminous-vivid-amber-background-color has-background\">Kysy lis\u00e4\u00e4<\/p>\n\n\n\n<p class=\"has-text-align-center has-gray-background-color has-background has-medium-font-size\" style=\"margin-top:0;margin-right:0;margin-bottom:0;margin-left:0;padding-top:var(--wp--preset--spacing--30);padding-right:0;padding-bottom:var(--wp--preset--spacing--30);padding-left:0\">info@selkopalvelut.fi<\/p>\n\n\n\n<p class=\"has-text-align-center has-white-background-color has-background\" style=\"font-size:16px;line-height:0\"><strong>045 787 13370<\/strong><\/p>\n\n\n\n<p class=\"has-text-align-center\" style=\"font-size:16px;line-height:1.6\">Y-tunnus: 3498410-8<\/p>\n\n\n\n<p class=\"has-text-align-center has-white-background-color has-background\" style=\"font-size:15px;line-height:0.4\">www.selkopalvelut.fi<\/p>\n\n\n\n<p class=\"has-text-align-center\" style=\"font-size:15px;line-height:0.9\">M\u00e4ntym\u00e4entie 19 B<\/p>\n\n\n\n<p class=\"has-text-align-center\" style=\"font-size:15px;line-height:2.7\">02700 Kauniainen<\/p>\n<\/div>\n\n\n\n<figure class=\"wp-block-image size-large\"><img loading=\"lazy\" decoding=\"async\" width=\"1024\" height=\"644\" src=\"https:\/\/www.selkopalvelut.fi\/wp-content\/uploads\/2026\/03\/Selkopalvelut-Oy-Suomi-video-1024x644.jpg\" alt=\"\" class=\"wp-image-855\" srcset=\"https:\/\/www.selkopalvelut.fi\/wp-content\/uploads\/2026\/03\/Selkopalvelut-Oy-Suomi-video-1024x644.jpg 1024w, https:\/\/www.selkopalvelut.fi\/wp-content\/uploads\/2026\/03\/Selkopalvelut-Oy-Suomi-video-300x189.jpg 300w, https:\/\/www.selkopalvelut.fi\/wp-content\/uploads\/2026\/03\/Selkopalvelut-Oy-Suomi-video-768x483.jpg 768w, https:\/\/www.selkopalvelut.fi\/wp-content\/uploads\/2026\/03\/Selkopalvelut-Oy-Suomi-video-1536x965.jpg 1536w, https:\/\/www.selkopalvelut.fi\/wp-content\/uploads\/2026\/03\/Selkopalvelut-Oy-Suomi-video-2048x1287.jpg 2048w\" sizes=\"auto, (max-width: 1024px) 100vw, 1024px\" \/><\/figure>\n<\/div>\n\n\n\n<div class=\"wp-block-column is-layout-flow wp-block-column-is-layout-flow\" style=\"padding-right:0;padding-left:0\">\n<div class=\"wp-block-group is-style-fotawp-boxshadow is-layout-constrained wp-container-core-group-is-layout-0af58c0f wp-block-group-is-layout-constrained\" style=\"padding-top:1.5rem;padding-right:1.5rem;padding-bottom:1.5rem;padding-left:1.5rem\">\n<p class=\"has-text-align-center\" style=\"font-size:15px;line-height:4.2\"><strong><mark style=\"background-color:rgba(0, 0, 0, 0);color:#000000\" class=\"has-inline-color\">Emmi Siltakorpi<\/mark> (KM)<\/strong><\/p>\n\n\n\n<p class=\"has-text-align-center has-white-background-color has-background\" style=\"margin-top:0;margin-right:0;margin-bottom:0;margin-left:0;padding-top:0rem;padding-right:0;padding-bottom:0rem;padding-left:0;font-size:0.9rem;line-height:3.5\">Asiakkuusvastaava \/ myynti<\/p>\n\n\n\n<p class=\"has-text-align-center has-white-background-color has-background\" style=\"margin-top:0;margin-right:0;margin-bottom:0;margin-left:0;padding-top:0rem;padding-right:0;padding-bottom:0rem;padding-left:0;font-size:0.9rem;line-height:2.9\">emmi.siltakorpi@selkopalvelut.fi<\/p>\n\n\n\n<p class=\"has-text-align-center\" style=\"font-size:15px\">puh. 045 787 13370<\/p>\n<\/div>\n\n\n\n<p><\/p>\n\n\n\n<div class=\"wp-block-group is-style-fotawp-boxshadow is-layout-constrained wp-container-core-group-is-layout-0af58c0f wp-block-group-is-layout-constrained\" style=\"padding-top:1.5rem;padding-right:1.5rem;padding-bottom:1.5rem;padding-left:1.5rem\">\n<p class=\"has-text-align-center has-white-background-color has-background\" style=\"font-size:0.9rem;line-height:0\"><strong><mark style=\"background-color:rgba(0, 0, 0, 0);color:#000000\" class=\"has-inline-color\">Elina Kurikka<\/mark> (KM)<\/strong><\/p>\n\n\n\n<p class=\"has-text-align-center has-white-background-color has-background\" style=\"font-size:0.9rem;line-height:0\">Asiakkuusvastaava \/ myynti <\/p>\n\n\n\n<p class=\"has-text-align-center has-white-background-color has-background\" style=\"font-size:0.9rem;line-height:0\">elina.kurikka@selkopalvelut.fi<\/p>\n\n\n\n<p class=\"has-text-align-center has-white-background-color has-background\" style=\"font-size:0.9rem;line-height:0\"><\/p>\n\n\n\n<p class=\"has-text-align-center has-white-background-color has-background\" style=\"font-size:15px;line-height:0.4\"><strong>Tia Tuominen<\/strong><\/p>\n\n\n\n<p class=\"has-text-align-center\" style=\"font-size:15px\">Asiakaspalvelu<\/p>\n\n\n\n<p class=\"has-text-align-center has-white-background-color has-background\" style=\"font-size:15px;line-height:0.4\">tia.tuominen@selkopalvelut.fi<\/p>\n<\/div>\n\n\n\n<p><\/p>\n\n\n\n<div class=\"wp-block-group is-style-fotawp-boxshadow is-layout-constrained wp-container-core-group-is-layout-0af58c0f wp-block-group-is-layout-constrained\" style=\"padding-top:1.5rem;padding-right:1.5rem;padding-bottom:1.5rem;padding-left:1.5rem\">\n<p class=\"has-text-align-center\" style=\"font-size:15px;line-height:2.2\"><mark style=\"background-color:rgba(0, 0, 0, 0);color:#000000\" class=\"has-inline-color\"><strong>Seppo Nyberg<\/strong><\/mark><\/p>\n\n\n\n<p class=\"has-text-align-center\" style=\"font-size:15px;line-height:2.4\">Laskutus <\/p>\n\n\n\n<p class=\"has-text-align-center\" style=\"font-size:15px;line-height:2.4\">seppo.nyberg@selkopalvelut.fi<\/p>\n\n\n\n<p><\/p>\n<\/div>\n<\/div>\n<\/div>\n<\/div>\n\n\n\n<div class=\"wp-block-group alignfull has-contrast-color has-text-color is-vertical is-content-justification-center is-layout-flex wp-container-core-group-is-layout-f306f087 wp-block-group-is-layout-flex\" style=\"min-height:40vh;margin-top:0;margin-bottom:0;padding-top:var(--wp--preset--spacing--60);padding-right:var(--wp--preset--spacing--50);padding-bottom:var(--wp--preset--spacing--60);padding-left:var(--wp--preset--spacing--50)\"><div style=\"margin-bottom:6px;\" class=\"aligncenter wp-block-site-logo\"><a href=\"https:\/\/www.selkopalvelut.fi\/\" class=\"custom-logo-link light-mode-logo\" rel=\"home\"><img loading=\"lazy\" decoding=\"async\" width=\"300\" height=\"61\" src=\"https:\/\/www.selkopalvelut.fi\/wp-content\/uploads\/2025\/01\/Selkopalvelut-logo-001.png\" class=\"custom-logo\" alt=\"Selkopalvelut\" srcset=\"https:\/\/www.selkopalvelut.fi\/wp-content\/uploads\/2025\/01\/Selkopalvelut-logo-001.png 1031w, https:\/\/www.selkopalvelut.fi\/wp-content\/uploads\/2025\/01\/Selkopalvelut-logo-001-300x61.png 300w, https:\/\/www.selkopalvelut.fi\/wp-content\/uploads\/2025\/01\/Selkopalvelut-logo-001-1024x210.png 1024w, https:\/\/www.selkopalvelut.fi\/wp-content\/uploads\/2025\/01\/Selkopalvelut-logo-001-768x157.png 768w\" sizes=\"auto, (max-width: 300px) 100vw, 300px\" \/><\/a><\/div>\n\n\n<p class=\"has-text-align-center has-medium-font-size\">info@selkopalvelut.fi<\/p>\n\n\n\n<p class=\"has-text-align-center\"><a href=\"https:\/\/www.selkopalvelut.fi\/index.php\/privacy-policy\/\" data-type=\"link\" data-id=\"https:\/\/www.selkopalvelut.fi\/index.php\/privacy-policy\/\" target=\"_blank\" rel=\"noreferrer noopener\">Tietosuojaseloste<\/a><\/p>\n\n\n\n<p>\u00a9 2026 Selkopalvelut Oy Suomi<\/p>\n<\/div>\n\n\n","protected":false},"excerpt":{"rendered":"<p>Pyyd\u00e4 tarjous myynti@selkopalvelut.fi Kysy lis\u00e4\u00e4 info@selkopalvelut.fi 045 787 13370 Y-tunnus: 3498410-8 www.selkopalvelut.fi M\u00e4ntym\u00e4entie 19 B&hellip;<\/p>\n","protected":false},"author":1,"featured_media":0,"parent":0,"menu_order":0,"comment_status":"closed","ping_status":"closed","template":"","meta":{"om_disable_all_campaigns":false,"_monsterinsights_skip_tracking":false,"_monsterinsights_sitenote_active":false,"_monsterinsights_sitenote_note":"","_monsterinsights_sitenote_category":0,"footnotes":"[]"},"class_list":["post-37","page","type-page","status-publish","hentry"],"aioseo_notices":[],"yoast_head":"<!-- This site is optimized with the Yoast SEO plugin v27.4 - https:\/\/yoast.com\/product\/yoast-seo-wordpress\/ -->\n<title>Yhteystiedot - Selkopalvelut<\/title>\n<meta name=\"description\" content=\"Yhteystiedot Selkopalvelut -\" \/>\n<meta name=\"robots\" content=\"index, follow, max-snippet:-1, max-image-preview:large, max-video-preview:-1\" \/>\n<link rel=\"canonical\" href=\"https:\/\/www.selkopalvelut.fi\/index.php\/contact\/\" \/>\n<meta property=\"og:locale\" content=\"fi_FI\" \/>\n<meta property=\"og:type\" content=\"article\" \/>\n<meta property=\"og:title\" content=\"Yhteystiedot - Selkopalvelut\" \/>\n<meta property=\"og:description\" content=\"Yhteystiedot Selkopalvelut -\" \/>\n<meta property=\"og:url\" content=\"https:\/\/www.selkopalvelut.fi\/index.php\/contact\/\" \/>\n<meta property=\"og:site_name\" content=\"Selkopalvelut\" \/>\n<meta property=\"article:modified_time\" content=\"2026-03-04T20:09:04+00:00\" \/>\n<meta property=\"og:image\" content=\"https:\/\/www.selkopalvelut.fi\/wp-content\/uploads\/2026\/03\/Selkopalvelut-Oy-Suomi-video-scaled.jpg\" \/>\n\t<meta property=\"og:image:width\" content=\"2560\" \/>\n\t<meta property=\"og:image:height\" content=\"1609\" \/>\n\t<meta property=\"og:image:type\" content=\"image\/jpeg\" \/>\n<meta name=\"twitter:card\" content=\"summary_large_image\" \/>\n<meta name=\"twitter:label1\" content=\"Arvioitu lukuaika\" \/>\n\t<meta name=\"twitter:data1\" content=\"1 minuutti\" \/>\n<script type=\"application\/ld+json\" class=\"yoast-schema-graph\">{\"@context\":\"https:\\\/\\\/schema.org\",\"@graph\":[{\"@type\":\"WebPage\",\"@id\":\"https:\\\/\\\/www.selkopalvelut.fi\\\/index.php\\\/contact\\\/\",\"url\":\"https:\\\/\\\/www.selkopalvelut.fi\\\/index.php\\\/contact\\\/\",\"name\":\"Yhteystiedot - Selkopalvelut\",\"isPartOf\":{\"@id\":\"https:\\\/\\\/www.selkopalvelut.fi\\\/#website\"},\"primaryImageOfPage\":{\"@id\":\"https:\\\/\\\/www.selkopalvelut.fi\\\/index.php\\\/contact\\\/#primaryimage\"},\"image\":{\"@id\":\"https:\\\/\\\/www.selkopalvelut.fi\\\/index.php\\\/contact\\\/#primaryimage\"},\"thumbnailUrl\":\"https:\\\/\\\/www.selkopalvelut.fi\\\/wp-content\\\/uploads\\\/2026\\\/03\\\/Selkopalvelut-Oy-Suomi-video-1024x644.jpg\",\"datePublished\":\"2025-01-05T14:43:51+00:00\",\"dateModified\":\"2026-03-04T20:09:04+00:00\",\"description\":\"Yhteystiedot Selkopalvelut -\",\"breadcrumb\":{\"@id\":\"https:\\\/\\\/www.selkopalvelut.fi\\\/index.php\\\/contact\\\/#breadcrumb\"},\"inLanguage\":\"fi\",\"potentialAction\":[{\"@type\":\"ReadAction\",\"target\":[\"https:\\\/\\\/www.selkopalvelut.fi\\\/index.php\\\/contact\\\/\"]}]},{\"@type\":\"ImageObject\",\"inLanguage\":\"fi\",\"@id\":\"https:\\\/\\\/www.selkopalvelut.fi\\\/index.php\\\/contact\\\/#primaryimage\",\"url\":\"https:\\\/\\\/www.selkopalvelut.fi\\\/wp-content\\\/uploads\\\/2026\\\/03\\\/Selkopalvelut-Oy-Suomi-video-scaled.jpg\",\"contentUrl\":\"https:\\\/\\\/www.selkopalvelut.fi\\\/wp-content\\\/uploads\\\/2026\\\/03\\\/Selkopalvelut-Oy-Suomi-video-scaled.jpg\",\"width\":2560,\"height\":1609,\"caption\":\"A young happy college female student sitting at the table at home, using tablet and headphones when studying.\"},{\"@type\":\"BreadcrumbList\",\"@id\":\"https:\\\/\\\/www.selkopalvelut.fi\\\/index.php\\\/contact\\\/#breadcrumb\",\"itemListElement\":[{\"@type\":\"ListItem\",\"position\":1,\"name\":\"Etusivu\",\"item\":\"https:\\\/\\\/www.selkopalvelut.fi\\\/\"},{\"@type\":\"ListItem\",\"position\":2,\"name\":\"Yhteystiedot\"}]},{\"@type\":\"WebSite\",\"@id\":\"https:\\\/\\\/www.selkopalvelut.fi\\\/#website\",\"url\":\"https:\\\/\\\/www.selkopalvelut.fi\\\/\",\"name\":\"Selkopalvelut\",\"description\":\"Selkopalvelut Oy Suomi , Selko, selkok&auml;&auml;nn&ouml;s, selkomateriaali, selkokieliset materiaalit, selkokielinen kuvitettu materiaali, selkoteksti, selkokuva, selkosivut, selkokieli, selkoratkaisu, selkokirjallisuus, selkojulkaisu, tekstipalvelut, selkokieliset, selkosuomeksi, selkosuomi, selkotekstit, selkoteksti, selkokieliset sivut, selkokieliset verkkosivut, selkokieliset ohjeet, selkokieliset verkkokirjat, selkopalvelut, selkopalvelut Oy Suomi, selkopalvelut Oy, selkopalvelu, selkopalvelut suomi, selko teksti\",\"publisher\":{\"@id\":\"https:\\\/\\\/www.selkopalvelut.fi\\\/#organization\"},\"alternateName\":\"Selkopalvelut Oy Suomi\",\"potentialAction\":[{\"@type\":\"SearchAction\",\"target\":{\"@type\":\"EntryPoint\",\"urlTemplate\":\"https:\\\/\\\/www.selkopalvelut.fi\\\/?s={search_term_string}\"},\"query-input\":{\"@type\":\"PropertyValueSpecification\",\"valueRequired\":true,\"valueName\":\"search_term_string\"}}],\"inLanguage\":\"fi\"},{\"@type\":\"Organization\",\"@id\":\"https:\\\/\\\/www.selkopalvelut.fi\\\/#organization\",\"name\":\"Selkopalvelut Oy Suomi\",\"alternateName\":\"Selkopalvelut\",\"url\":\"https:\\\/\\\/www.selkopalvelut.fi\\\/\",\"logo\":{\"@type\":\"ImageObject\",\"inLanguage\":\"fi\",\"@id\":\"https:\\\/\\\/www.selkopalvelut.fi\\\/#\\\/schema\\\/logo\\\/image\\\/\",\"url\":\"https:\\\/\\\/www.selkopalvelut.fi\\\/wp-content\\\/uploads\\\/2025\\\/01\\\/Selkopalvelut-logo-001.png\",\"contentUrl\":\"https:\\\/\\\/www.selkopalvelut.fi\\\/wp-content\\\/uploads\\\/2025\\\/01\\\/Selkopalvelut-logo-001.png\",\"width\":1031,\"height\":211,\"caption\":\"Selkopalvelut Oy Suomi\"},\"image\":{\"@id\":\"https:\\\/\\\/www.selkopalvelut.fi\\\/#\\\/schema\\\/logo\\\/image\\\/\"}}]}<\/script>\n<!-- \/ Yoast SEO plugin. -->","yoast_head_json":{"title":"Yhteystiedot - Selkopalvelut","description":"Yhteystiedot Selkopalvelut -","robots":{"index":"index","follow":"follow","max-snippet":"max-snippet:-1","max-image-preview":"max-image-preview:large","max-video-preview":"max-video-preview:-1"},"canonical":"https:\/\/www.selkopalvelut.fi\/index.php\/contact\/","og_locale":"fi_FI","og_type":"article","og_title":"Yhteystiedot - Selkopalvelut","og_description":"Yhteystiedot Selkopalvelut -","og_url":"https:\/\/www.selkopalvelut.fi\/index.php\/contact\/","og_site_name":"Selkopalvelut","article_modified_time":"2026-03-04T20:09:04+00:00","og_image":[{"width":2560,"height":1609,"url":"https:\/\/www.selkopalvelut.fi\/wp-content\/uploads\/2026\/03\/Selkopalvelut-Oy-Suomi-video-scaled.jpg","type":"image\/jpeg"}],"twitter_card":"summary_large_image","twitter_misc":{"Arvioitu lukuaika":"1 minuutti"},"schema":{"@context":"https:\/\/schema.org","@graph":[{"@type":"WebPage","@id":"https:\/\/www.selkopalvelut.fi\/index.php\/contact\/","url":"https:\/\/www.selkopalvelut.fi\/index.php\/contact\/","name":"Yhteystiedot - Selkopalvelut","isPartOf":{"@id":"https:\/\/www.selkopalvelut.fi\/#website"},"primaryImageOfPage":{"@id":"https:\/\/www.selkopalvelut.fi\/index.php\/contact\/#primaryimage"},"image":{"@id":"https:\/\/www.selkopalvelut.fi\/index.php\/contact\/#primaryimage"},"thumbnailUrl":"https:\/\/www.selkopalvelut.fi\/wp-content\/uploads\/2026\/03\/Selkopalvelut-Oy-Suomi-video-1024x644.jpg","datePublished":"2025-01-05T14:43:51+00:00","dateModified":"2026-03-04T20:09:04+00:00","description":"Yhteystiedot Selkopalvelut -","breadcrumb":{"@id":"https:\/\/www.selkopalvelut.fi\/index.php\/contact\/#breadcrumb"},"inLanguage":"fi","potentialAction":[{"@type":"ReadAction","target":["https:\/\/www.selkopalvelut.fi\/index.php\/contact\/"]}]},{"@type":"ImageObject","inLanguage":"fi","@id":"https:\/\/www.selkopalvelut.fi\/index.php\/contact\/#primaryimage","url":"https:\/\/www.selkopalvelut.fi\/wp-content\/uploads\/2026\/03\/Selkopalvelut-Oy-Suomi-video-scaled.jpg","contentUrl":"https:\/\/www.selkopalvelut.fi\/wp-content\/uploads\/2026\/03\/Selkopalvelut-Oy-Suomi-video-scaled.jpg","width":2560,"height":1609,"caption":"A young happy college female student sitting at the table at home, using tablet and headphones when studying."},{"@type":"BreadcrumbList","@id":"https:\/\/www.selkopalvelut.fi\/index.php\/contact\/#breadcrumb","itemListElement":[{"@type":"ListItem","position":1,"name":"Etusivu","item":"https:\/\/www.selkopalvelut.fi\/"},{"@type":"ListItem","position":2,"name":"Yhteystiedot"}]},{"@type":"WebSite","@id":"https:\/\/www.selkopalvelut.fi\/#website","url":"https:\/\/www.selkopalvelut.fi\/","name":"Selkopalvelut","description":"Selkopalvelut Oy Suomi , Selko, selkok&auml;&auml;nn&ouml;s, selkomateriaali, selkokieliset materiaalit, selkokielinen kuvitettu materiaali, selkoteksti, selkokuva, selkosivut, selkokieli, selkoratkaisu, selkokirjallisuus, selkojulkaisu, tekstipalvelut, selkokieliset, selkosuomeksi, selkosuomi, selkotekstit, selkoteksti, selkokieliset sivut, selkokieliset verkkosivut, selkokieliset ohjeet, selkokieliset verkkokirjat, selkopalvelut, selkopalvelut Oy Suomi, selkopalvelut Oy, selkopalvelu, selkopalvelut suomi, selko teksti","publisher":{"@id":"https:\/\/www.selkopalvelut.fi\/#organization"},"alternateName":"Selkopalvelut Oy Suomi","potentialAction":[{"@type":"SearchAction","target":{"@type":"EntryPoint","urlTemplate":"https:\/\/www.selkopalvelut.fi\/?s={search_term_string}"},"query-input":{"@type":"PropertyValueSpecification","valueRequired":true,"valueName":"search_term_string"}}],"inLanguage":"fi"},{"@type":"Organization","@id":"https:\/\/www.selkopalvelut.fi\/#organization","name":"Selkopalvelut Oy Suomi","alternateName":"Selkopalvelut","url":"https:\/\/www.selkopalvelut.fi\/","logo":{"@type":"ImageObject","inLanguage":"fi","@id":"https:\/\/www.selkopalvelut.fi\/#\/schema\/logo\/image\/","url":"https:\/\/www.selkopalvelut.fi\/wp-content\/uploads\/2025\/01\/Selkopalvelut-logo-001.png","contentUrl":"https:\/\/www.selkopalvelut.fi\/wp-content\/uploads\/2025\/01\/Selkopalvelut-logo-001.png","width":1031,"height":211,"caption":"Selkopalvelut Oy Suomi"},"image":{"@id":"https:\/\/www.selkopalvelut.fi\/#\/schema\/logo\/image\/"}}]}},"_links":{"self":[{"href":"https:\/\/www.selkopalvelut.fi\/index.php\/wp-json\/wp\/v2\/pages\/37","targetHints":{"allow":["GET"]}}],"collection":[{"href":"https:\/\/www.selkopalvelut.fi\/index.php\/wp-json\/wp\/v2\/pages"}],"about":[{"href":"https:\/\/www.selkopalvelut.fi\/index.php\/wp-json\/wp\/v2\/types\/page"}],"author":[{"embeddable":true,"href":"https:\/\/www.selkopalvelut.fi\/index.php\/wp-json\/wp\/v2\/users\/1"}],"replies":[{"embeddable":true,"href":"https:\/\/www.selkopalvelut.fi\/index.php\/wp-json\/wp\/v2\/comments?post=37"}],"version-history":[{"count":161,"href":"https:\/\/www.selkopalvelut.fi\/index.php\/wp-json\/wp\/v2\/pages\/37\/revisions"}],"predecessor-version":[{"id":872,"href":"https:\/\/www.selkopalvelut.fi\/index.php\/wp-json\/wp\/v2\/pages\/37\/revisions\/872"}],"wp:attachment":[{"href":"https:\/\/www.selkopalvelut.fi\/index.php\/wp-json\/wp\/v2\/media?parent=37"}],"curies":[{"name":"wp","href":"https:\/\/api.w.org\/{rel}","templated":true}]}}